{"id":11320,"date":"2016-10-27T10:01:55","date_gmt":"2016-10-27T09:01:55","guid":{"rendered":"http:\/\/localhost\/wp\/wp-coach\/?page_id=11320"},"modified":"2026-03-13T09:57:56","modified_gmt":"2026-03-13T08:57:56","slug":"ueber-anya","status":"publish","type":"page","link":"https:\/\/zumba-anya.de\/eng\/ueber-anya\/","title":{"rendered":"About Anya"},"content":{"rendered":"<div data-elementor-type=\"wp-page\" data-elementor-id=\"11320\" class=\"elementor elementor-11320\" data-elementor-post-type=\"page\">\n\t\t\t\t\t\t<section class=\"elementor-section elementor-top-section elementor-element elementor-element-77eb1e06 elementor-section-content-middle elementor-reverse-mobile elementor-section-boxed elementor-section-height-default elementor-section-height-default\" data-id=\"77eb1e06\" data-element_type=\"section\" data-e-type=\"section\">\n\t\t\t\t\t\t<div class=\"elementor-container elementor-column-gap-default\">\n\t\t\t\t\t<div class=\"elementor-column elementor-col-50 elementor-top-column elementor-element elementor-element-646065d7\" data-id=\"646065d7\" data-element_type=\"column\" data-e-type=\"column\">\n\t\t\t<div class=\"elementor-widget-wrap elementor-element-populated\">\n\t\t\t\t\t\t<div class=\"elementor-element elementor-element-073814e elementor-widget elementor-widget-image\" data-id=\"073814e\" data-element_type=\"widget\" data-e-type=\"widget\" data-widget_type=\"image.default\">\n\t\t\t\t\t\t\t\t\t\t\t\t\t\t\t<img fetchpriority=\"high\" decoding=\"async\" width=\"768\" height=\"872\" src=\"https:\/\/zumba-anya.de\/wp-content\/uploads\/2021\/11\/IMG_6752-768x872.png\" class=\"attachment-medium_large size-medium_large wp-image-12612\" alt=\"\" srcset=\"https:\/\/zumba-anya.de\/wp-content\/uploads\/2021\/11\/IMG_6752-768x872.png 768w, https:\/\/zumba-anya.de\/wp-content\/uploads\/2021\/11\/IMG_6752-440x500.png 440w, https:\/\/zumba-anya.de\/wp-content\/uploads\/2021\/11\/IMG_6752-1353x1536.png 1353w, https:\/\/zumba-anya.de\/wp-content\/uploads\/2021\/11\/IMG_6752-600x681.png 600w, https:\/\/zumba-anya.de\/wp-content\/uploads\/2021\/11\/IMG_6752.png 1580w\" sizes=\"(max-width: 768px) 100vw, 768px\" \/>\t\t\t\t\t\t\t\t\t\t\t\t\t\t\t<\/div>\n\t\t\t\t\t<\/div>\n\t\t<\/div>\n\t\t\t\t<div class=\"elementor-column elementor-col-50 elementor-top-column elementor-element elementor-element-8528828\" data-id=\"8528828\" data-element_type=\"column\" data-e-type=\"column\">\n\t\t\t<div class=\"elementor-widget-wrap elementor-element-populated\">\n\t\t\t\t\t\t<div class=\"elementor-element elementor-element-ea26a0c elementor-widget elementor-widget-heading\" data-id=\"ea26a0c\" data-element_type=\"widget\" data-e-type=\"widget\" data-widget_type=\"heading.default\">\n\t\t\t\t\t<h2 class=\"elementor-heading-title elementor-size-default\">Beginnings in Childhood<\/h2>\t\t\t\t<\/div>\n\t\t\t\t<div class=\"elementor-element elementor-element-27e6b5ed elementor-widget elementor-widget-text-editor\" data-id=\"27e6b5ed\" data-element_type=\"widget\" data-e-type=\"widget\" data-widget_type=\"text-editor.default\">\n\t\t\t\t\t\t\t\t\t<p>Anya has been dancing since her Childhood. Begun in a carnival dance, sports, and later attended courses in Jazz and Modern Dance. Here you could not only improve your musical talent, but came at the same time, with different music styles and dances in touch. Early on, they began to make their own choreographies on the legs, which were initially reserved only to the parents, but later also in the club dances were integrated. In addition to dancing, she also played the accordion and was a long time part of a musical orchestra.<\/p>\t\t\t\t\t\t\t\t<\/div>\n\t\t\t\t<div class=\"elementor-element elementor-element-2e30549 elementor-widget elementor-widget-heading\" data-id=\"2e30549\" data-element_type=\"widget\" data-e-type=\"widget\" data-widget_type=\"heading.default\">\n\t\t\t\t\t<h2 class=\"elementor-heading-title elementor-size-default\">Fitness<\/h2>\t\t\t\t<\/div>\n\t\t\t\t<div class=\"elementor-element elementor-element-63c88e5 elementor-widget elementor-widget-text-editor\" data-id=\"63c88e5\" data-element_type=\"widget\" data-e-type=\"widget\" data-widget_type=\"text-editor.default\">\n\t\t\t\t\t\t\t\t\t\n\nSome years later, Anya made experience with fitness classes and started to enter in the University sports club in Erfurt, Step Aerobic and abdominal-legs-Butt courses. The Foundation stone was laid. In a gym, she gained then experiences on devices and got to her personal trainer Lars know. Took them ultimately to the idea of education as a Zumba\u00ae Fitness Instructor. That was in December 2011.\t\t\t\t\t\t\t\t<\/div>\n\t\t\t\t\t<\/div>\n\t\t<\/div>\n\t\t\t\t\t<\/div>\n\t\t<\/section>\n\t\t\t\t<section class=\"elementor-section elementor-top-section elementor-element elementor-element-8b17ce5 elementor-section-boxed elementor-section-height-default elementor-section-height-default\" data-id=\"8b17ce5\" data-element_type=\"section\" data-e-type=\"section\">\n\t\t\t\t\t\t<div class=\"elementor-container elementor-column-gap-default\">\n\t\t\t\t\t<div class=\"elementor-column elementor-col-66 elementor-top-column elementor-element elementor-element-870cd33\" data-id=\"870cd33\" data-element_type=\"column\" data-e-type=\"column\">\n\t\t\t<div class=\"elementor-widget-wrap elementor-element-populated\">\n\t\t\t\t\t\t<div class=\"elementor-element elementor-element-12b4e7d elementor-widget elementor-widget-heading\" data-id=\"12b4e7d\" data-element_type=\"widget\" data-e-type=\"widget\" data-widget_type=\"heading.default\">\n\t\t\t\t\t<h2 class=\"elementor-heading-title elementor-size-default\">Zumba<sup>\u00ae<\/sup><\/h2>\t\t\t\t<\/div>\n\t\t\t\t<div class=\"elementor-element elementor-element-089aae1 elementor-widget elementor-widget-text-editor\" data-id=\"089aae1\" data-element_type=\"widget\" data-e-type=\"widget\" data-widget_type=\"text-editor.default\">\n\t\t\t\t\t\t\t\t\t<p>After Zumba<sup>\u00ae<\/sup> Fitness training in 2011, followed by training to further Zumba<sup>\u00ae<\/sup> Licenses, among other Zumba<sup>\u00ae<\/sup> Kids and Zumba\u00ae Kids Junior, Zumba<sup>\u00ae<\/sup> Gold, Zumba<sup>\u00ae<\/sup> Sentao, and Strong by Zumba<sup>\u00ae<\/sup>. Some of these licenses, you did in London (England) and Lille (France). In addition to the passion for Zumba Fitness to teach more and more Kids classes, and associated appearances were added.<\/p>\t\t\t\t\t\t\t\t<\/div>\n\t\t\t\t<div class=\"elementor-element elementor-element-a1b79e8 elementor-widget elementor-widget-heading\" data-id=\"a1b79e8\" data-element_type=\"widget\" data-e-type=\"widget\" data-widget_type=\"heading.default\">\n\t\t\t\t\t<h2 class=\"elementor-heading-title elementor-size-default\">Bodybuilding<\/h2>\t\t\t\t<\/div>\n\t\t\t\t<div class=\"elementor-element elementor-element-4fbcbbb elementor-widget elementor-widget-text-editor\" data-id=\"4fbcbbb\" data-element_type=\"widget\" data-e-type=\"widget\" data-widget_type=\"text-editor.default\">\n\t\t\t\t\t\t\t\t\t<p>Mit dem Beginn des Fitnesstrainings und dem damit verbundenen Krafttraining gelangte Anya 2012 zum Bodybuilding. 3 Jahre in Folge stand sie in internationalen Meisterschaften auf der B\u00fchne und konnte immer mit guten Platzierungen gl\u00e4nzen. 2012 war sie nicht nur internationale Ostdeutsche Vizemeisterin in der Kategorie Bikini Fitness, sondern wurde noch im gleichen Jahr 6. auf der Internationalen Deutschen Meisterschaft.<br>It is training to coach B-license and dietary advice followed.<\/p>\n<p>Im Jahr 2026 feiert Anya ihr 15 j\u00e4hriges Zumba<sup>\u00ae<\/sup> Anniversary and is of the Sport and the many great participants enthusiastic than ever!<\/p>\t\t\t\t\t\t\t\t<\/div>\n\t\t\t\t\t<\/div>\n\t\t<\/div>\n\t\t\t\t<div class=\"elementor-column elementor-col-33 elementor-top-column elementor-element elementor-element-c4e3246\" data-id=\"c4e3246\" data-element_type=\"column\" data-e-type=\"column\">\n\t\t\t<div class=\"elementor-widget-wrap elementor-element-populated\">\n\t\t\t\t\t\t<div class=\"elementor-element elementor-element-cc263eb elementor-widget elementor-widget-image\" data-id=\"cc263eb\" data-element_type=\"widget\" data-e-type=\"widget\" data-widget_type=\"image.default\">\n\t\t\t\t\t\t\t\t\t\t\t\t\t\t\t<img decoding=\"async\" width=\"768\" height=\"1470\" src=\"https:\/\/zumba-anya.de\/wp-content\/uploads\/2022\/01\/Bodybuilding-e1641826478683-768x1470.png\" class=\"attachment-medium_large size-medium_large wp-image-13457\" alt=\"\" srcset=\"https:\/\/zumba-anya.de\/wp-content\/uploads\/2022\/01\/Bodybuilding-e1641826478683-768x1470.png 768w, https:\/\/zumba-anya.de\/wp-content\/uploads\/2022\/01\/Bodybuilding-e1641826478683-261x500.png 261w, https:\/\/zumba-anya.de\/wp-content\/uploads\/2022\/01\/Bodybuilding-e1641826478683-1003x1920.png 1003w, https:\/\/zumba-anya.de\/wp-content\/uploads\/2022\/01\/Bodybuilding-e1641826478683-802x1536.png 802w, https:\/\/zumba-anya.de\/wp-content\/uploads\/2022\/01\/Bodybuilding-e1641826478683-1070x2048.png 1070w, https:\/\/zumba-anya.de\/wp-content\/uploads\/2022\/01\/Bodybuilding-e1641826478683-6x12.png 6w\" sizes=\"(max-width: 768px) 100vw, 768px\" \/>\t\t\t\t\t\t\t\t\t\t\t\t\t\t\t<\/div>\n\t\t\t\t\t<\/div>\n\t\t<\/div>\n\t\t\t\t\t<\/div>\n\t\t<\/section>\n\t\t\t\t<\/div>","protected":false},"excerpt":{"rendered":"<p>Anf\u00e4nge in der Kindheit Anya tanzt schon seit ihrer Kindheit. Begonnen damit hat sie im karnevalistischen Tanzsport, sp\u00e4ter besuchte sie Kurse im Jazz- und Modern Dance. Hier konnte sie nicht nur ihr musikalisches Gesp\u00fcr verbessern, sondern kam zugleich mit den unterschiedlichsten Musikrichtungen und T\u00e4nzen in Ber\u00fchrung. Schon fr\u00fch begann sie eigene Choreografien auf die Beine [&hellip;]<\/p>\n","protected":false},"author":1,"featured_media":0,"parent":0,"menu_order":0,"comment_status":"closed","ping_status":"closed","template":"","meta":{"site-sidebar-layout":"default","site-content-layout":"default","ast-site-content-layout":"default","site-content-style":"default","site-sidebar-style":"default","ast-global-header-display":"","ast-banner-title-visibility":"","ast-main-header-display":"","ast-hfb-above-header-display":"","ast-hfb-below-header-display":"","ast-hfb-mobile-header-display":"","site-post-title":"","ast-breadcrumbs-content":"","ast-featured-img":"","footer-sml-layout":"","ast-disable-related-posts":"","theme-transparent-header-meta":"default","adv-header-id-meta":"","stick-header-meta":"","header-above-stick-meta":"","header-main-stick-meta":"","header-below-stick-meta":"","astra-migrate-meta-layouts":"default","ast-page-background-enabled":"default","ast-page-background-meta":{"desktop":{"background-color":"","background-image":"","background-repeat":"repeat","background-position":"center center","background-size":"auto","background-attachment":"scroll","background-type":"","background-media":"","overlay-type":"","overlay-color":"","overlay-opacity":"","overlay-gradient":""},"tablet":{"background-color":"","background-image":"","background-repeat":"repeat","background-position":"center center","background-size":"auto","background-attachment":"scroll","background-type":"","background-media":"","overlay-type":"","overlay-color":"","overlay-opacity":"","overlay-gradient":""},"mobile":{"background-color":"","background-image":"","background-repeat":"repeat","background-position":"center center","background-size":"auto","background-attachment":"scroll","background-type":"","background-media":"","overlay-type":"","overlay-color":"","overlay-opacity":"","overlay-gradient":""}},"ast-content-background-meta":{"desktop":{"background-color":"var(--ast-global-color-5)","background-image":"","background-repeat":"repeat","background-position":"center center","background-size":"auto","background-attachment":"scroll","background-type":"","background-media":"","overlay-type":"","overlay-color":"","overlay-opacity":"","overlay-gradient":""},"tablet":{"background-color":"var(--ast-global-color-5)","background-image":"","background-repeat":"repeat","background-position":"center center","background-size":"auto","background-attachment":"scroll","background-type":"","background-media":"","overlay-type":"","overlay-color":"","overlay-opacity":"","overlay-gradient":""},"mobile":{"background-color":"var(--ast-global-color-5)","background-image":"","background-repeat":"repeat","background-position":"center center","background-size":"auto","background-attachment":"scroll","background-type":"","background-media":"","overlay-type":"","overlay-color":"","overlay-opacity":"","overlay-gradient":""}},"footnotes":""},"class_list":["post-11320","page","type-page","status-publish","hentry"],"yoast_head":"<!-- This site is optimized with the Yoast SEO plugin v27.5 - https:\/\/yoast.com\/product\/yoast-seo-wordpress\/ -->\n<title>\u00dcber Anya - Zumba by Anya<\/title>\n<meta name=\"robots\" content=\"index, follow, max-snippet:-1, max-image-preview:large, max-video-preview:-1\" \/>\n<link rel=\"canonical\" href=\"https:\/\/zumba-anya.de\/eng\/ueber-anya\/\" \/>\n<meta property=\"og:locale\" content=\"en_GB\" \/>\n<meta property=\"og:type\" content=\"article\" \/>\n<meta property=\"og:title\" content=\"\u00dcber Anya - Zumba by Anya\" \/>\n<meta property=\"og:description\" content=\"Anf\u00e4nge in der Kindheit Anya tanzt schon seit ihrer Kindheit. Begonnen damit hat sie im karnevalistischen Tanzsport, sp\u00e4ter besuchte sie Kurse im Jazz- und Modern Dance. Hier konnte sie nicht nur ihr musikalisches Gesp\u00fcr verbessern, sondern kam zugleich mit den unterschiedlichsten Musikrichtungen und T\u00e4nzen in Ber\u00fchrung. Schon fr\u00fch begann sie eigene Choreografien auf die Beine [&hellip;]\" \/>\n<meta property=\"og:url\" content=\"https:\/\/zumba-anya.de\/eng\/ueber-anya\/\" \/>\n<meta property=\"og:site_name\" content=\"Zumba by Anya\" \/>\n<meta property=\"article:modified_time\" content=\"2026-03-13T08:57:56+00:00\" \/>\n<meta property=\"og:image\" content=\"https:\/\/zumba-anya.de\/wp-content\/uploads\/2021\/11\/IMG_6752.png\" \/>\n\t<meta property=\"og:image:width\" content=\"1580\" \/>\n\t<meta property=\"og:image:height\" content=\"1794\" \/>\n\t<meta property=\"og:image:type\" content=\"image\/png\" \/>\n<meta name=\"twitter:card\" content=\"summary_large_image\" \/>\n<meta name=\"twitter:label1\" content=\"Estimated reading time\" \/>\n\t<meta name=\"twitter:data1\" content=\"3 minutes\" \/>\n<script type=\"application\/ld+json\" class=\"yoast-schema-graph\">{\"@context\":\"https:\\\/\\\/schema.org\",\"@graph\":[{\"@type\":\"WebPage\",\"@id\":\"https:\\\/\\\/zumba-anya.de\\\/ueber-anya\\\/\",\"url\":\"https:\\\/\\\/zumba-anya.de\\\/ueber-anya\\\/\",\"name\":\"\u00dcber Anya - Zumba by Anya\",\"isPartOf\":{\"@id\":\"https:\\\/\\\/zumba-anya.de\\\/#website\"},\"primaryImageOfPage\":{\"@id\":\"https:\\\/\\\/zumba-anya.de\\\/ueber-anya\\\/#primaryimage\"},\"image\":{\"@id\":\"https:\\\/\\\/zumba-anya.de\\\/ueber-anya\\\/#primaryimage\"},\"thumbnailUrl\":\"https:\\\/\\\/zumba-anya.de\\\/wp-content\\\/uploads\\\/2021\\\/11\\\/IMG_6752-768x872.png\",\"datePublished\":\"2016-10-27T09:01:55+00:00\",\"dateModified\":\"2026-03-13T08:57:56+00:00\",\"breadcrumb\":{\"@id\":\"https:\\\/\\\/zumba-anya.de\\\/ueber-anya\\\/#breadcrumb\"},\"inLanguage\":\"en-GB\",\"potentialAction\":[{\"@type\":\"ReadAction\",\"target\":[\"https:\\\/\\\/zumba-anya.de\\\/ueber-anya\\\/\"]}]},{\"@type\":\"ImageObject\",\"inLanguage\":\"en-GB\",\"@id\":\"https:\\\/\\\/zumba-anya.de\\\/ueber-anya\\\/#primaryimage\",\"url\":\"https:\\\/\\\/zumba-anya.de\\\/wp-content\\\/uploads\\\/2021\\\/11\\\/IMG_6752-768x872.png\",\"contentUrl\":\"https:\\\/\\\/zumba-anya.de\\\/wp-content\\\/uploads\\\/2021\\\/11\\\/IMG_6752-768x872.png\"},{\"@type\":\"BreadcrumbList\",\"@id\":\"https:\\\/\\\/zumba-anya.de\\\/ueber-anya\\\/#breadcrumb\",\"itemListElement\":[{\"@type\":\"ListItem\",\"position\":1,\"name\":\"Startseite\",\"item\":\"https:\\\/\\\/zumba-anya.de\\\/\"},{\"@type\":\"ListItem\",\"position\":2,\"name\":\"\u00dcber Anya\"}]},{\"@type\":\"WebSite\",\"@id\":\"https:\\\/\\\/zumba-anya.de\\\/#website\",\"url\":\"https:\\\/\\\/zumba-anya.de\\\/\",\"name\":\"Zumba by Anya\",\"description\":\"Jeder ist willkommen - AUCH DU!\",\"publisher\":{\"@id\":\"https:\\\/\\\/zumba-anya.de\\\/#organization\"},\"potentialAction\":[{\"@type\":\"SearchAction\",\"target\":{\"@type\":\"EntryPoint\",\"urlTemplate\":\"https:\\\/\\\/zumba-anya.de\\\/?s={search_term_string}\"},\"query-input\":{\"@type\":\"PropertyValueSpecification\",\"valueRequired\":true,\"valueName\":\"search_term_string\"}}],\"inLanguage\":\"en-GB\"},{\"@type\":\"Organization\",\"@id\":\"https:\\\/\\\/zumba-anya.de\\\/#organization\",\"name\":\"Zumba by Anya\",\"url\":\"https:\\\/\\\/zumba-anya.de\\\/\",\"logo\":{\"@type\":\"ImageObject\",\"inLanguage\":\"en-GB\",\"@id\":\"https:\\\/\\\/zumba-anya.de\\\/#\\\/schema\\\/logo\\\/image\\\/\",\"url\":\"https:\\\/\\\/zumba-anya.de\\\/wp-content\\\/uploads\\\/2021\\\/05\\\/anya-1.png\",\"contentUrl\":\"https:\\\/\\\/zumba-anya.de\\\/wp-content\\\/uploads\\\/2021\\\/05\\\/anya-1.png\",\"width\":878,\"height\":785,\"caption\":\"Zumba by Anya\"},\"image\":{\"@id\":\"https:\\\/\\\/zumba-anya.de\\\/#\\\/schema\\\/logo\\\/image\\\/\"}}]}<\/script>\n<!-- \/ Yoast SEO plugin. -->","yoast_head_json":{"title":"\u00dcber Anya - Zumba by Anya","robots":{"index":"index","follow":"follow","max-snippet":"max-snippet:-1","max-image-preview":"max-image-preview:large","max-video-preview":"max-video-preview:-1"},"canonical":"https:\/\/zumba-anya.de\/eng\/ueber-anya\/","og_locale":"en_GB","og_type":"article","og_title":"\u00dcber Anya - Zumba by Anya","og_description":"Anf\u00e4nge in der Kindheit Anya tanzt schon seit ihrer Kindheit. Begonnen damit hat sie im karnevalistischen Tanzsport, sp\u00e4ter besuchte sie Kurse im Jazz- und Modern Dance. Hier konnte sie nicht nur ihr musikalisches Gesp\u00fcr verbessern, sondern kam zugleich mit den unterschiedlichsten Musikrichtungen und T\u00e4nzen in Ber\u00fchrung. Schon fr\u00fch begann sie eigene Choreografien auf die Beine [&hellip;]","og_url":"https:\/\/zumba-anya.de\/eng\/ueber-anya\/","og_site_name":"Zumba by Anya","article_modified_time":"2026-03-13T08:57:56+00:00","og_image":[{"width":1580,"height":1794,"url":"https:\/\/zumba-anya.de\/wp-content\/uploads\/2021\/11\/IMG_6752.png","type":"image\/png"}],"twitter_card":"summary_large_image","twitter_misc":{"Estimated reading time":"3 minutes"},"schema":{"@context":"https:\/\/schema.org","@graph":[{"@type":"WebPage","@id":"https:\/\/zumba-anya.de\/ueber-anya\/","url":"https:\/\/zumba-anya.de\/ueber-anya\/","name":"\u00dcber Anya - Zumba by Anya","isPartOf":{"@id":"https:\/\/zumba-anya.de\/#website"},"primaryImageOfPage":{"@id":"https:\/\/zumba-anya.de\/ueber-anya\/#primaryimage"},"image":{"@id":"https:\/\/zumba-anya.de\/ueber-anya\/#primaryimage"},"thumbnailUrl":"https:\/\/zumba-anya.de\/wp-content\/uploads\/2021\/11\/IMG_6752-768x872.png","datePublished":"2016-10-27T09:01:55+00:00","dateModified":"2026-03-13T08:57:56+00:00","breadcrumb":{"@id":"https:\/\/zumba-anya.de\/ueber-anya\/#breadcrumb"},"inLanguage":"en-GB","potentialAction":[{"@type":"ReadAction","target":["https:\/\/zumba-anya.de\/ueber-anya\/"]}]},{"@type":"ImageObject","inLanguage":"en-GB","@id":"https:\/\/zumba-anya.de\/ueber-anya\/#primaryimage","url":"https:\/\/zumba-anya.de\/wp-content\/uploads\/2021\/11\/IMG_6752-768x872.png","contentUrl":"https:\/\/zumba-anya.de\/wp-content\/uploads\/2021\/11\/IMG_6752-768x872.png"},{"@type":"BreadcrumbList","@id":"https:\/\/zumba-anya.de\/ueber-anya\/#breadcrumb","itemListElement":[{"@type":"ListItem","position":1,"name":"Startseite","item":"https:\/\/zumba-anya.de\/"},{"@type":"ListItem","position":2,"name":"\u00dcber Anya"}]},{"@type":"WebSite","@id":"https:\/\/zumba-anya.de\/#website","url":"https:\/\/zumba-anya.de\/","name":"Zumba by Anya","description":"Jeder ist willkommen - AUCH DU!","publisher":{"@id":"https:\/\/zumba-anya.de\/#organization"},"potentialAction":[{"@type":"SearchAction","target":{"@type":"EntryPoint","urlTemplate":"https:\/\/zumba-anya.de\/?s={search_term_string}"},"query-input":{"@type":"PropertyValueSpecification","valueRequired":true,"valueName":"search_term_string"}}],"inLanguage":"en-GB"},{"@type":"Organization","@id":"https:\/\/zumba-anya.de\/#organization","name":"Zumba by Anya","url":"https:\/\/zumba-anya.de\/","logo":{"@type":"ImageObject","inLanguage":"en-GB","@id":"https:\/\/zumba-anya.de\/#\/schema\/logo\/image\/","url":"https:\/\/zumba-anya.de\/wp-content\/uploads\/2021\/05\/anya-1.png","contentUrl":"https:\/\/zumba-anya.de\/wp-content\/uploads\/2021\/05\/anya-1.png","width":878,"height":785,"caption":"Zumba by Anya"},"image":{"@id":"https:\/\/zumba-anya.de\/#\/schema\/logo\/image\/"}}]}},"_links":{"self":[{"href":"https:\/\/zumba-anya.de\/eng\/wp-json\/wp\/v2\/pages\/11320","targetHints":{"allow":["GET"]}}],"collection":[{"href":"https:\/\/zumba-anya.de\/eng\/wp-json\/wp\/v2\/pages"}],"about":[{"href":"https:\/\/zumba-anya.de\/eng\/wp-json\/wp\/v2\/types\/page"}],"author":[{"embeddable":true,"href":"https:\/\/zumba-anya.de\/eng\/wp-json\/wp\/v2\/users\/1"}],"replies":[{"embeddable":true,"href":"https:\/\/zumba-anya.de\/eng\/wp-json\/wp\/v2\/comments?post=11320"}],"version-history":[{"count":59,"href":"https:\/\/zumba-anya.de\/eng\/wp-json\/wp\/v2\/pages\/11320\/revisions"}],"predecessor-version":[{"id":13985,"href":"https:\/\/zumba-anya.de\/eng\/wp-json\/wp\/v2\/pages\/11320\/revisions\/13985"}],"wp:attachment":[{"href":"https:\/\/zumba-anya.de\/eng\/wp-json\/wp\/v2\/media?parent=11320"}],"curies":[{"name":"wp","href":"https:\/\/api.w.org\/{rel}","templated":true}]}}