{"id":11805,"date":"2021-05-10T23:47:58","date_gmt":"2021-05-10T22:47:58","guid":{"rendered":"https:\/\/zumba-anya.de\/?page_id=11805"},"modified":"2026-03-13T09:54:30","modified_gmt":"2026-03-13T08:54:30","slug":"kinder-kurse","status":"publish","type":"page","link":"https:\/\/zumba-anya.de\/eng\/kinder-kurse\/","title":{"rendered":"Children&#039;s Courses"},"content":{"rendered":"<section class=\"kc-elm kc-css-466540 kc_row\">\n<div class=\"kc-row-container kc-container nopadding\">\n<div class=\"kc-wrap-columns\">\n<div class=\"kc-elm kc-css-618959 kc_col-sm-12 kc_column kc_col-sm-12\">\n<div class=\"kc-col-container\">\n<div class=\"kc-elm kc-css-766564 kc_text_block\">\n<p style=\"margin: 0px; text-align: justify; font-stretch: normal; font-size: 13px; line-height: normal; font-family: 'Helvetica Neue'; color: #000000;\"><span style=\"color: #3a3a3a; font-size: 1.7em; font-weight: bold; font-family: Georgia, 'Times New Roman', 'Bitstream Charter', Times, serif;\">Zumba Kids Erfurt \u2013 Tanzspa\u00df f\u00fcr Kinder<\/span><\/p>\n<p>&nbsp;<\/p>\n<\/div>\n<p data-start=\"894\" data-end=\"1187\">Unsere <strong data-start=\"901\" data-end=\"931\">Zumba Kids Kurse in Erfurt<\/strong> verbinden Musik, Bewegung und Spa\u00df zu einem energiegeladenen Tanzprogramm speziell f\u00fcr Kinder. Beim <strong data-start=\"1032\" data-end=\"1055\">Zumba Kids Training<\/strong> lernen Kinder einfache Tanzschritte zu moderner Musik und entwickeln gleichzeitig Rhythmusgef\u00fchl, Koordination und Selbstvertrauen.<\/p>\n<p data-start=\"1189\" data-end=\"1443\">Der <strong data-start=\"1193\" data-end=\"1222\">Kinder Tanzkurs in Erfurt<\/strong> ist ideal f\u00fcr Kinder, die sich gerne bewegen, tanzen und neue Freunde kennenlernen m\u00f6chten. Spielerische Choreografien, altersgerechte \u00dcbungen und motivierende Musik sorgen daf\u00fcr, dass jedes Kind mit Freude aktiv bleibt.<\/p>\n<p data-start=\"1445\" data-end=\"1640\">In unseren <strong data-start=\"1456\" data-end=\"1487\">Zumba Kids Kursen in Erfurt<\/strong> stehen Spa\u00df, Bewegung und Kreativit\u00e4t im Mittelpunkt. Die Kinder verbessern ihre Ausdauer, ihre Motorik und ihr K\u00f6rpergef\u00fchl \u2013 ganz ohne Leistungsdruck.<\/p>\n<h2 data-section-id=\"q4pznd\" data-start=\"1642\" data-end=\"1678\">Vorteile unserer Zumba Kids Kurse<\/h2>\n<ul data-start=\"1680\" data-end=\"1893\">\n<li data-section-id=\"1m0ttc2\" data-start=\"1680\" data-end=\"1731\">\n<p data-start=\"1682\" data-end=\"1731\">F\u00f6rderung von <strong data-start=\"1696\" data-end=\"1731\">Koordination und Rhythmusgef\u00fchl<\/strong><\/p>\n<\/li>\n<li data-section-id=\"pe7w18\" data-start=\"1732\" data-end=\"1774\">\n<p data-start=\"1734\" data-end=\"1774\">Mehr <strong data-start=\"1739\" data-end=\"1774\">Bewegung und Fitness f\u00fcr Kinder<\/strong><\/p>\n<\/li>\n<li data-section-id=\"h0xeeo\" data-start=\"1775\" data-end=\"1823\">\n<p data-start=\"1777\" data-end=\"1823\">St\u00e4rkung von <strong data-start=\"1790\" data-end=\"1823\">Selbstvertrauen und Teamgeist<\/strong><\/p>\n<\/li>\n<li data-section-id=\"1pkp80t\" data-start=\"1824\" data-end=\"1851\">\n<p data-start=\"1826\" data-end=\"1851\">Tanzen zu aktueller Musik<\/p>\n<\/li>\n<li data-section-id=\"1d7h72k\" data-start=\"1852\" data-end=\"1893\">\n<p data-start=\"1854\" data-end=\"1893\">Spielerische und altersgerechte \u00dcbungen<\/p>\n<\/li>\n<\/ul>\n<p data-start=\"1895\" data-end=\"2146\">Unsere <strong data-start=\"1902\" data-end=\"1938\">Zumba Kurse f\u00fcr Kinder in Erfurt<\/strong> sind f\u00fcr verschiedene Altersgruppen geeignet und werden von qualifizierten Trainern geleitet. Die Kinder lernen neue Tanzbewegungen, erleben Musik aktiv und entwickeln gleichzeitig ein gesundes K\u00f6rpergef\u00fchl.<\/p>\n<p data-start=\"2148\" data-end=\"2299\">Wenn Sie einen <strong data-start=\"2163\" data-end=\"2196\">Tanzkurs f\u00fcr Kinder in Erfurt<\/strong> suchen, der Bewegung, Musik und Freude kombiniert, sind unsere <strong data-start=\"2260\" data-end=\"2280\">Zumba Kids Kurse<\/strong> die perfekte Wahl.<\/p>\n<\/div>\n<\/div>\n<\/div>\n<\/div>\n<\/section>","protected":false},"excerpt":{"rendered":"<p>Zumba Kids Erfurt \u2013 Tanzspa\u00df f\u00fcr Kinder &nbsp; Unsere Zumba Kids Kurse in Erfurt verbinden Musik, Bewegung und Spa\u00df zu einem energiegeladenen Tanzprogramm speziell f\u00fcr Kinder. Beim Zumba Kids Training lernen Kinder einfache Tanzschritte zu moderner Musik und entwickeln gleichzeitig Rhythmusgef\u00fchl, Koordination und Selbstvertrauen. Der Kinder Tanzkurs in Erfurt ist ideal f\u00fcr Kinder, die sich [&hellip;]<\/p>\n","protected":false},"author":2,"featured_media":0,"parent":0,"menu_order":0,"comment_status":"closed","ping_status":"closed","template":"","meta":{"site-sidebar-layout":"default","site-content-layout":"","ast-site-content-layout":"default","site-content-style":"default","site-sidebar-style":"default","ast-global-header-display":"","ast-banner-title-visibility":"","ast-main-header-display":"","ast-hfb-above-header-display":"","ast-hfb-below-header-display":"","ast-hfb-mobile-header-display":"","site-post-title":"","ast-breadcrumbs-content":"","ast-featured-img":"","footer-sml-layout":"","ast-disable-related-posts":"","theme-transparent-header-meta":"default","adv-header-id-meta":"","stick-header-meta":"","header-above-stick-meta":"","header-main-stick-meta":"","header-below-stick-meta":"","astra-migrate-meta-layouts":"set","ast-page-background-enabled":"default","ast-page-background-meta":{"desktop":{"background-color":"","background-image":"","background-repeat":"repeat","background-position":"center center","background-size":"auto","background-attachment":"scroll","background-type":"","background-media":"","overlay-type":"","overlay-color":"","overlay-opacity":"","overlay-gradient":""},"tablet":{"background-color":"","background-image":"","background-repeat":"repeat","background-position":"center center","background-size":"auto","background-attachment":"scroll","background-type":"","background-media":"","overlay-type":"","overlay-color":"","overlay-opacity":"","overlay-gradient":""},"mobile":{"background-color":"","background-image":"","background-repeat":"repeat","background-position":"center center","background-size":"auto","background-attachment":"scroll","background-type":"","background-media":"","overlay-type":"","overlay-color":"","overlay-opacity":"","overlay-gradient":""}},"ast-content-background-meta":{"desktop":{"background-color":"var(--ast-global-color-5)","background-image":"","background-repeat":"repeat","background-position":"center center","background-size":"auto","background-attachment":"scroll","background-type":"","background-media":"","overlay-type":"","overlay-color":"","overlay-opacity":"","overlay-gradient":""},"tablet":{"background-color":"var(--ast-global-color-5)","background-image":"","background-repeat":"repeat","background-position":"center center","background-size":"auto","background-attachment":"scroll","background-type":"","background-media":"","overlay-type":"","overlay-color":"","overlay-opacity":"","overlay-gradient":""},"mobile":{"background-color":"var(--ast-global-color-5)","background-image":"","background-repeat":"repeat","background-position":"center center","background-size":"auto","background-attachment":"scroll","background-type":"","background-media":"","overlay-type":"","overlay-color":"","overlay-opacity":"","overlay-gradient":""}},"footnotes":""},"class_list":["post-11805","page","type-page","status-publish","hentry"],"yoast_head":"<!-- This site is optimized with the Yoast SEO plugin v27.5 - https:\/\/yoast.com\/product\/yoast-seo-wordpress\/ -->\n<title>zumba-kids-erfurt-tanz-bewegung-fuer-kinder-zumba-anya<\/title>\n<meta name=\"description\" content=\"Zumba Kids Kurse in Erfurt: Tanzen, Bewegung und Spa\u00df f\u00fcr Kids. Wir f\u00f6rdern Fitness, Koordination und Selbstvertrauen. Jetzt Kurs entdecken\" \/>\n<meta name=\"robots\" content=\"index, follow, max-snippet:-1, max-image-preview:large, max-video-preview:-1\" \/>\n<link rel=\"canonical\" href=\"https:\/\/zumba-anya.de\/eng\/kinder-kurse\/\" \/>\n<meta property=\"og:locale\" content=\"en_GB\" \/>\n<meta property=\"og:type\" content=\"article\" \/>\n<meta property=\"og:title\" content=\"zumba-kids-erfurt-tanz-bewegung-fuer-kinder-zumba-anya\" \/>\n<meta property=\"og:description\" content=\"Zumba Kids Kurse in Erfurt: Tanzen, Bewegung und Spa\u00df f\u00fcr Kids. Wir f\u00f6rdern Fitness, Koordination und Selbstvertrauen. Jetzt Kurs entdecken\" \/>\n<meta property=\"og:url\" content=\"https:\/\/zumba-anya.de\/eng\/kinder-kurse\/\" \/>\n<meta property=\"og:site_name\" content=\"Zumba by Anya\" \/>\n<meta property=\"article:modified_time\" content=\"2026-03-13T08:54:30+00:00\" \/>\n<meta name=\"twitter:card\" content=\"summary_large_image\" \/>\n<meta name=\"twitter:label1\" content=\"Estimated reading time\" \/>\n\t<meta name=\"twitter:data1\" content=\"1 minute\" \/>\n<script type=\"application\/ld+json\" class=\"yoast-schema-graph\">{\"@context\":\"https:\\\/\\\/schema.org\",\"@graph\":[{\"@type\":\"WebPage\",\"@id\":\"https:\\\/\\\/zumba-anya.de\\\/kinder-kurse\\\/\",\"url\":\"https:\\\/\\\/zumba-anya.de\\\/kinder-kurse\\\/\",\"name\":\"zumba-kids-erfurt-tanz-bewegung-fuer-kinder-zumba-anya\",\"isPartOf\":{\"@id\":\"https:\\\/\\\/zumba-anya.de\\\/#website\"},\"datePublished\":\"2021-05-10T22:47:58+00:00\",\"dateModified\":\"2026-03-13T08:54:30+00:00\",\"description\":\"Zumba Kids Kurse in Erfurt: Tanzen, Bewegung und Spa\u00df f\u00fcr Kids. Wir f\u00f6rdern Fitness, Koordination und Selbstvertrauen. Jetzt Kurs entdecken\",\"breadcrumb\":{\"@id\":\"https:\\\/\\\/zumba-anya.de\\\/kinder-kurse\\\/#breadcrumb\"},\"inLanguage\":\"en-GB\",\"potentialAction\":[{\"@type\":\"ReadAction\",\"target\":[\"https:\\\/\\\/zumba-anya.de\\\/kinder-kurse\\\/\"]}]},{\"@type\":\"BreadcrumbList\",\"@id\":\"https:\\\/\\\/zumba-anya.de\\\/kinder-kurse\\\/#breadcrumb\",\"itemListElement\":[{\"@type\":\"ListItem\",\"position\":1,\"name\":\"Startseite\",\"item\":\"https:\\\/\\\/zumba-anya.de\\\/\"},{\"@type\":\"ListItem\",\"position\":2,\"name\":\"Kinder Kurse\"}]},{\"@type\":\"WebSite\",\"@id\":\"https:\\\/\\\/zumba-anya.de\\\/#website\",\"url\":\"https:\\\/\\\/zumba-anya.de\\\/\",\"name\":\"Zumba by Anya\",\"description\":\"Jeder ist willkommen - AUCH DU!\",\"publisher\":{\"@id\":\"https:\\\/\\\/zumba-anya.de\\\/#organization\"},\"potentialAction\":[{\"@type\":\"SearchAction\",\"target\":{\"@type\":\"EntryPoint\",\"urlTemplate\":\"https:\\\/\\\/zumba-anya.de\\\/?s={search_term_string}\"},\"query-input\":{\"@type\":\"PropertyValueSpecification\",\"valueRequired\":true,\"valueName\":\"search_term_string\"}}],\"inLanguage\":\"en-GB\"},{\"@type\":\"Organization\",\"@id\":\"https:\\\/\\\/zumba-anya.de\\\/#organization\",\"name\":\"Zumba by Anya\",\"url\":\"https:\\\/\\\/zumba-anya.de\\\/\",\"logo\":{\"@type\":\"ImageObject\",\"inLanguage\":\"en-GB\",\"@id\":\"https:\\\/\\\/zumba-anya.de\\\/#\\\/schema\\\/logo\\\/image\\\/\",\"url\":\"https:\\\/\\\/zumba-anya.de\\\/wp-content\\\/uploads\\\/2021\\\/05\\\/anya-1.png\",\"contentUrl\":\"https:\\\/\\\/zumba-anya.de\\\/wp-content\\\/uploads\\\/2021\\\/05\\\/anya-1.png\",\"width\":878,\"height\":785,\"caption\":\"Zumba by Anya\"},\"image\":{\"@id\":\"https:\\\/\\\/zumba-anya.de\\\/#\\\/schema\\\/logo\\\/image\\\/\"}}]}<\/script>\n<!-- \/ Yoast SEO plugin. -->","yoast_head_json":{"title":"zumba-kids-erfurt-tanz-bewegung-fuer-kinder-zumba-anya","description":"Zumba Kids Kurse in Erfurt: Tanzen, Bewegung und Spa\u00df f\u00fcr Kids. Wir f\u00f6rdern Fitness, Koordination und Selbstvertrauen. Jetzt Kurs entdecken","robots":{"index":"index","follow":"follow","max-snippet":"max-snippet:-1","max-image-preview":"max-image-preview:large","max-video-preview":"max-video-preview:-1"},"canonical":"https:\/\/zumba-anya.de\/eng\/kinder-kurse\/","og_locale":"en_GB","og_type":"article","og_title":"zumba-kids-erfurt-tanz-bewegung-fuer-kinder-zumba-anya","og_description":"Zumba Kids Kurse in Erfurt: Tanzen, Bewegung und Spa\u00df f\u00fcr Kids. Wir f\u00f6rdern Fitness, Koordination und Selbstvertrauen. Jetzt Kurs entdecken","og_url":"https:\/\/zumba-anya.de\/eng\/kinder-kurse\/","og_site_name":"Zumba by Anya","article_modified_time":"2026-03-13T08:54:30+00:00","twitter_card":"summary_large_image","twitter_misc":{"Estimated reading time":"1 minute"},"schema":{"@context":"https:\/\/schema.org","@graph":[{"@type":"WebPage","@id":"https:\/\/zumba-anya.de\/kinder-kurse\/","url":"https:\/\/zumba-anya.de\/kinder-kurse\/","name":"zumba-kids-erfurt-tanz-bewegung-fuer-kinder-zumba-anya","isPartOf":{"@id":"https:\/\/zumba-anya.de\/#website"},"datePublished":"2021-05-10T22:47:58+00:00","dateModified":"2026-03-13T08:54:30+00:00","description":"Zumba Kids Kurse in Erfurt: Tanzen, Bewegung und Spa\u00df f\u00fcr Kids. Wir f\u00f6rdern Fitness, Koordination und Selbstvertrauen. Jetzt Kurs entdecken","breadcrumb":{"@id":"https:\/\/zumba-anya.de\/kinder-kurse\/#breadcrumb"},"inLanguage":"en-GB","potentialAction":[{"@type":"ReadAction","target":["https:\/\/zumba-anya.de\/kinder-kurse\/"]}]},{"@type":"BreadcrumbList","@id":"https:\/\/zumba-anya.de\/kinder-kurse\/#breadcrumb","itemListElement":[{"@type":"ListItem","position":1,"name":"Startseite","item":"https:\/\/zumba-anya.de\/"},{"@type":"ListItem","position":2,"name":"Kinder Kurse"}]},{"@type":"WebSite","@id":"https:\/\/zumba-anya.de\/#website","url":"https:\/\/zumba-anya.de\/","name":"Zumba by Anya","description":"Jeder ist willkommen - AUCH DU!","publisher":{"@id":"https:\/\/zumba-anya.de\/#organization"},"potentialAction":[{"@type":"SearchAction","target":{"@type":"EntryPoint","urlTemplate":"https:\/\/zumba-anya.de\/?s={search_term_string}"},"query-input":{"@type":"PropertyValueSpecification","valueRequired":true,"valueName":"search_term_string"}}],"inLanguage":"en-GB"},{"@type":"Organization","@id":"https:\/\/zumba-anya.de\/#organization","name":"Zumba by Anya","url":"https:\/\/zumba-anya.de\/","logo":{"@type":"ImageObject","inLanguage":"en-GB","@id":"https:\/\/zumba-anya.de\/#\/schema\/logo\/image\/","url":"https:\/\/zumba-anya.de\/wp-content\/uploads\/2021\/05\/anya-1.png","contentUrl":"https:\/\/zumba-anya.de\/wp-content\/uploads\/2021\/05\/anya-1.png","width":878,"height":785,"caption":"Zumba by Anya"},"image":{"@id":"https:\/\/zumba-anya.de\/#\/schema\/logo\/image\/"}}]}},"_links":{"self":[{"href":"https:\/\/zumba-anya.de\/eng\/wp-json\/wp\/v2\/pages\/11805","targetHints":{"allow":["GET"]}}],"collection":[{"href":"https:\/\/zumba-anya.de\/eng\/wp-json\/wp\/v2\/pages"}],"about":[{"href":"https:\/\/zumba-anya.de\/eng\/wp-json\/wp\/v2\/types\/page"}],"author":[{"embeddable":true,"href":"https:\/\/zumba-anya.de\/eng\/wp-json\/wp\/v2\/users\/2"}],"replies":[{"embeddable":true,"href":"https:\/\/zumba-anya.de\/eng\/wp-json\/wp\/v2\/comments?post=11805"}],"version-history":[{"count":4,"href":"https:\/\/zumba-anya.de\/eng\/wp-json\/wp\/v2\/pages\/11805\/revisions"}],"predecessor-version":[{"id":13976,"href":"https:\/\/zumba-anya.de\/eng\/wp-json\/wp\/v2\/pages\/11805\/revisions\/13976"}],"wp:attachment":[{"href":"https:\/\/zumba-anya.de\/eng\/wp-json\/wp\/v2\/media?parent=11805"}],"curies":[{"name":"wp","href":"https:\/\/api.w.org\/{rel}","templated":true}]}}