{"id":12431,"date":"2021-08-25T12:00:41","date_gmt":"2021-08-25T11:00:41","guid":{"rendered":"https:\/\/zumba-anya.de\/?page_id=12431"},"modified":"2026-03-30T15:37:45","modified_gmt":"2026-03-30T14:37:45","slug":"crowd-workout-im-kontor","status":"publish","type":"page","link":"https:\/\/zumba-anya.de\/eng\/studio\/crowd-workout-im-kontor\/","title":{"rendered":"KONTOR"},"content":{"rendered":"<p>Im KONTOR haben wir unseren Trainingsraum im industrial Style mit super Soundanlage. Umkleiden und Toiletten sind vorhanden.<\/p>\n<p><b>Direction:<\/b><br \/>\nKontor Erfurt<br \/>\nHugo-John-Str. 8<br \/>\n99086 Erfurt<\/p>\n<p>Parking is possible in front of the building KONTOR. Good connection to public transport also.<br \/>\n<iframe title=\"kontor erfurt\" src=\"https:\/\/www.google.com\/maps\/embed\/v1\/place?key=AIzaSyDtmRnAG25uSs-PgmIqFF-MllOOxTr4VcM&amp;q=kontor%20erfurt&amp;zoom=14\" aria-label=\"kontor erfurt\"><\/iframe><\/p>","protected":false},"excerpt":{"rendered":"<p>Im KONTOR haben wir unseren Trainingsraum im industrial Style mit super Soundanlage. Umkleiden und Toiletten sind vorhanden. Anfahrt: Kontor Erfurt Hugo-John-Str. 8 99086 Erfurt Parken ist vor dem Geb\u00e4ude KONTOR m\u00f6glich. Die Anbindung an \u00f6ffentliche Verkehrsmittel ist gegeben.<\/p>","protected":false},"author":2,"featured_media":13343,"parent":12206,"menu_order":1,"comment_status":"closed","ping_status":"closed","template":"","meta":{"site-sidebar-layout":"no-sidebar","site-content-layout":"page-builder","ast-site-content-layout":"full-width-container","site-content-style":"unboxed","site-sidebar-style":"unboxed","ast-global-header-display":"","ast-banner-title-visibility":"","ast-main-header-display":"","ast-hfb-above-header-display":"","ast-hfb-below-header-display":"","ast-hfb-mobile-header-display":"","site-post-title":"disabled","ast-breadcrumbs-content":"","ast-featured-img":"disabled","footer-sml-layout":"","ast-disable-related-posts":"","theme-transparent-header-meta":"default","adv-header-id-meta":"","stick-header-meta":"","header-above-stick-meta":"","header-main-stick-meta":"","header-below-stick-meta":"","astra-migrate-meta-layouts":"set","ast-page-background-enabled":"default","ast-page-background-meta":{"desktop":{"background-color":"","background-image":"","background-repeat":"repeat","background-position":"center center","background-size":"auto","background-attachment":"scroll","background-type":"","background-media":"","overlay-type":"","overlay-color":"","overlay-opacity":"","overlay-gradient":""},"tablet":{"background-color":"","background-image":"","background-repeat":"repeat","background-position":"center center","background-size":"auto","background-attachment":"scroll","background-type":"","background-media":"","overlay-type":"","overlay-color":"","overlay-opacity":"","overlay-gradient":""},"mobile":{"background-color":"","background-image":"","background-repeat":"repeat","background-position":"center center","background-size":"auto","background-attachment":"scroll","background-type":"","background-media":"","overlay-type":"","overlay-color":"","overlay-opacity":"","overlay-gradient":""}},"ast-content-background-meta":{"desktop":{"background-color":"var(--ast-global-color-5)","background-image":"","background-repeat":"repeat","background-position":"center center","background-size":"auto","background-attachment":"scroll","background-type":"","background-media":"","overlay-type":"","overlay-color":"","overlay-opacity":"","overlay-gradient":""},"tablet":{"background-color":"var(--ast-global-color-5)","background-image":"","background-repeat":"repeat","background-position":"center center","background-size":"auto","background-attachment":"scroll","background-type":"","background-media":"","overlay-type":"","overlay-color":"","overlay-opacity":"","overlay-gradient":""},"mobile":{"background-color":"var(--ast-global-color-5)","background-image":"","background-repeat":"repeat","background-position":"center center","background-size":"auto","background-attachment":"scroll","background-type":"","background-media":"","overlay-type":"","overlay-color":"","overlay-opacity":"","overlay-gradient":""}},"footnotes":""},"class_list":["post-12431","page","type-page","status-publish","has-post-thumbnail","hentry"],"yoast_head":"<!-- This site is optimized with the Yoast SEO plugin v27.4 - https:\/\/yoast.com\/product\/yoast-seo-wordpress\/ -->\n<title>Zumba im Kontor Erfurt \u2013 Fitness &amp; Tanzkurs mit Anya<\/title>\n<meta name=\"description\" content=\"Erlebe Zumba im Kontor Erfurt: Professionelle Kurse mit Anya f\u00fcr Fitness, Bewegung und Lebensfreude. Jetzt Platz sichern!\" \/>\n<meta name=\"robots\" content=\"index, follow, max-snippet:-1, max-image-preview:large, max-video-preview:-1\" \/>\n<link rel=\"canonical\" href=\"https:\/\/zumba-anya.de\/eng\/studio\/crowd-workout-im-kontor\/\" \/>\n<meta property=\"og:locale\" content=\"en_GB\" \/>\n<meta property=\"og:type\" content=\"article\" \/>\n<meta property=\"og:title\" content=\"Zumba im Kontor Erfurt \u2013 Fitness &amp; Tanzkurs mit Anya\" \/>\n<meta property=\"og:description\" content=\"Erlebe Zumba im Kontor Erfurt: Professionelle Kurse mit Anya f\u00fcr Fitness, Bewegung und Lebensfreude. Jetzt Platz sichern!\" \/>\n<meta property=\"og:url\" content=\"https:\/\/zumba-anya.de\/eng\/studio\/crowd-workout-im-kontor\/\" \/>\n<meta property=\"og:site_name\" content=\"Zumba by Anya\" \/>\n<meta property=\"article:modified_time\" content=\"2026-03-30T14:37:45+00:00\" \/>\n<meta property=\"og:image\" content=\"https:\/\/zumba-anya.de\/wp-content\/uploads\/2022\/01\/BEL_14291-scaled-e1641495888730.jpg\" \/>\n\t<meta property=\"og:image:width\" content=\"2118\" \/>\n\t<meta property=\"og:image:height\" content=\"1254\" \/>\n\t<meta property=\"og:image:type\" content=\"image\/jpeg\" \/>\n<meta name=\"twitter:card\" content=\"summary_large_image\" \/>\n<meta name=\"twitter:label1\" content=\"Estimated reading time\" \/>\n\t<meta name=\"twitter:data1\" content=\"1 minute\" \/>\n<script type=\"application\/ld+json\" class=\"yoast-schema-graph\">{\"@context\":\"https:\\\/\\\/schema.org\",\"@graph\":[{\"@type\":\"WebPage\",\"@id\":\"https:\\\/\\\/zumba-anya.de\\\/studio\\\/crowd-workout-im-kontor\\\/\",\"url\":\"https:\\\/\\\/zumba-anya.de\\\/studio\\\/crowd-workout-im-kontor\\\/\",\"name\":\"Zumba im Kontor Erfurt \u2013 Fitness & Tanzkurs mit Anya\",\"isPartOf\":{\"@id\":\"https:\\\/\\\/zumba-anya.de\\\/#website\"},\"primaryImageOfPage\":{\"@id\":\"https:\\\/\\\/zumba-anya.de\\\/studio\\\/crowd-workout-im-kontor\\\/#primaryimage\"},\"image\":{\"@id\":\"https:\\\/\\\/zumba-anya.de\\\/studio\\\/crowd-workout-im-kontor\\\/#primaryimage\"},\"thumbnailUrl\":\"https:\\\/\\\/zumba-anya.de\\\/wp-content\\\/uploads\\\/2022\\\/01\\\/BEL_14291-scaled-e1641495888730.jpg\",\"datePublished\":\"2021-08-25T11:00:41+00:00\",\"dateModified\":\"2026-03-30T14:37:45+00:00\",\"description\":\"Erlebe Zumba im Kontor Erfurt: Professionelle Kurse mit Anya f\u00fcr Fitness, Bewegung und Lebensfreude. Jetzt Platz sichern!\",\"breadcrumb\":{\"@id\":\"https:\\\/\\\/zumba-anya.de\\\/studio\\\/crowd-workout-im-kontor\\\/#breadcrumb\"},\"inLanguage\":\"en-GB\",\"potentialAction\":[{\"@type\":\"ReadAction\",\"target\":[\"https:\\\/\\\/zumba-anya.de\\\/studio\\\/crowd-workout-im-kontor\\\/\"]}]},{\"@type\":\"ImageObject\",\"inLanguage\":\"en-GB\",\"@id\":\"https:\\\/\\\/zumba-anya.de\\\/studio\\\/crowd-workout-im-kontor\\\/#primaryimage\",\"url\":\"https:\\\/\\\/zumba-anya.de\\\/wp-content\\\/uploads\\\/2022\\\/01\\\/BEL_14291-scaled-e1641495888730.jpg\",\"contentUrl\":\"https:\\\/\\\/zumba-anya.de\\\/wp-content\\\/uploads\\\/2022\\\/01\\\/BEL_14291-scaled-e1641495888730.jpg\",\"width\":2118,\"height\":1254},{\"@type\":\"BreadcrumbList\",\"@id\":\"https:\\\/\\\/zumba-anya.de\\\/studio\\\/crowd-workout-im-kontor\\\/#breadcrumb\",\"itemListElement\":[{\"@type\":\"ListItem\",\"position\":1,\"name\":\"Startseite\",\"item\":\"https:\\\/\\\/zumba-anya.de\\\/\"},{\"@type\":\"ListItem\",\"position\":2,\"name\":\"Unsere Locations\",\"item\":\"https:\\\/\\\/zumba-anya.de\\\/studio\\\/\"},{\"@type\":\"ListItem\",\"position\":3,\"name\":\"KONTOR\"}]},{\"@type\":\"WebSite\",\"@id\":\"https:\\\/\\\/zumba-anya.de\\\/#website\",\"url\":\"https:\\\/\\\/zumba-anya.de\\\/\",\"name\":\"Zumba by Anya\",\"description\":\"Jeder ist willkommen - AUCH DU!\",\"publisher\":{\"@id\":\"https:\\\/\\\/zumba-anya.de\\\/#organization\"},\"potentialAction\":[{\"@type\":\"SearchAction\",\"target\":{\"@type\":\"EntryPoint\",\"urlTemplate\":\"https:\\\/\\\/zumba-anya.de\\\/?s={search_term_string}\"},\"query-input\":{\"@type\":\"PropertyValueSpecification\",\"valueRequired\":true,\"valueName\":\"search_term_string\"}}],\"inLanguage\":\"en-GB\"},{\"@type\":\"Organization\",\"@id\":\"https:\\\/\\\/zumba-anya.de\\\/#organization\",\"name\":\"Zumba by Anya\",\"url\":\"https:\\\/\\\/zumba-anya.de\\\/\",\"logo\":{\"@type\":\"ImageObject\",\"inLanguage\":\"en-GB\",\"@id\":\"https:\\\/\\\/zumba-anya.de\\\/#\\\/schema\\\/logo\\\/image\\\/\",\"url\":\"https:\\\/\\\/zumba-anya.de\\\/wp-content\\\/uploads\\\/2021\\\/05\\\/anya-1.png\",\"contentUrl\":\"https:\\\/\\\/zumba-anya.de\\\/wp-content\\\/uploads\\\/2021\\\/05\\\/anya-1.png\",\"width\":878,\"height\":785,\"caption\":\"Zumba by Anya\"},\"image\":{\"@id\":\"https:\\\/\\\/zumba-anya.de\\\/#\\\/schema\\\/logo\\\/image\\\/\"}}]}<\/script>\n<!-- \/ Yoast SEO plugin. -->","yoast_head_json":{"title":"Zumba im Kontor Erfurt \u2013 Fitness & Tanzkurs mit Anya","description":"Erlebe Zumba im Kontor Erfurt: Professionelle Kurse mit Anya f\u00fcr Fitness, Bewegung und Lebensfreude. Jetzt Platz sichern!","robots":{"index":"index","follow":"follow","max-snippet":"max-snippet:-1","max-image-preview":"max-image-preview:large","max-video-preview":"max-video-preview:-1"},"canonical":"https:\/\/zumba-anya.de\/eng\/studio\/crowd-workout-im-kontor\/","og_locale":"en_GB","og_type":"article","og_title":"Zumba im Kontor Erfurt \u2013 Fitness & Tanzkurs mit Anya","og_description":"Erlebe Zumba im Kontor Erfurt: Professionelle Kurse mit Anya f\u00fcr Fitness, Bewegung und Lebensfreude. Jetzt Platz sichern!","og_url":"https:\/\/zumba-anya.de\/eng\/studio\/crowd-workout-im-kontor\/","og_site_name":"Zumba by Anya","article_modified_time":"2026-03-30T14:37:45+00:00","og_image":[{"width":2118,"height":1254,"url":"https:\/\/zumba-anya.de\/wp-content\/uploads\/2022\/01\/BEL_14291-scaled-e1641495888730.jpg","type":"image\/jpeg"}],"twitter_card":"summary_large_image","twitter_misc":{"Estimated reading time":"1 minute"},"schema":{"@context":"https:\/\/schema.org","@graph":[{"@type":"WebPage","@id":"https:\/\/zumba-anya.de\/studio\/crowd-workout-im-kontor\/","url":"https:\/\/zumba-anya.de\/studio\/crowd-workout-im-kontor\/","name":"Zumba im Kontor Erfurt \u2013 Fitness & Tanzkurs mit Anya","isPartOf":{"@id":"https:\/\/zumba-anya.de\/#website"},"primaryImageOfPage":{"@id":"https:\/\/zumba-anya.de\/studio\/crowd-workout-im-kontor\/#primaryimage"},"image":{"@id":"https:\/\/zumba-anya.de\/studio\/crowd-workout-im-kontor\/#primaryimage"},"thumbnailUrl":"https:\/\/zumba-anya.de\/wp-content\/uploads\/2022\/01\/BEL_14291-scaled-e1641495888730.jpg","datePublished":"2021-08-25T11:00:41+00:00","dateModified":"2026-03-30T14:37:45+00:00","description":"Erlebe Zumba im Kontor Erfurt: Professionelle Kurse mit Anya f\u00fcr Fitness, Bewegung und Lebensfreude. Jetzt Platz sichern!","breadcrumb":{"@id":"https:\/\/zumba-anya.de\/studio\/crowd-workout-im-kontor\/#breadcrumb"},"inLanguage":"en-GB","potentialAction":[{"@type":"ReadAction","target":["https:\/\/zumba-anya.de\/studio\/crowd-workout-im-kontor\/"]}]},{"@type":"ImageObject","inLanguage":"en-GB","@id":"https:\/\/zumba-anya.de\/studio\/crowd-workout-im-kontor\/#primaryimage","url":"https:\/\/zumba-anya.de\/wp-content\/uploads\/2022\/01\/BEL_14291-scaled-e1641495888730.jpg","contentUrl":"https:\/\/zumba-anya.de\/wp-content\/uploads\/2022\/01\/BEL_14291-scaled-e1641495888730.jpg","width":2118,"height":1254},{"@type":"BreadcrumbList","@id":"https:\/\/zumba-anya.de\/studio\/crowd-workout-im-kontor\/#breadcrumb","itemListElement":[{"@type":"ListItem","position":1,"name":"Startseite","item":"https:\/\/zumba-anya.de\/"},{"@type":"ListItem","position":2,"name":"Unsere Locations","item":"https:\/\/zumba-anya.de\/studio\/"},{"@type":"ListItem","position":3,"name":"KONTOR"}]},{"@type":"WebSite","@id":"https:\/\/zumba-anya.de\/#website","url":"https:\/\/zumba-anya.de\/","name":"Zumba by Anya","description":"Jeder ist willkommen - AUCH DU!","publisher":{"@id":"https:\/\/zumba-anya.de\/#organization"},"potentialAction":[{"@type":"SearchAction","target":{"@type":"EntryPoint","urlTemplate":"https:\/\/zumba-anya.de\/?s={search_term_string}"},"query-input":{"@type":"PropertyValueSpecification","valueRequired":true,"valueName":"search_term_string"}}],"inLanguage":"en-GB"},{"@type":"Organization","@id":"https:\/\/zumba-anya.de\/#organization","name":"Zumba by Anya","url":"https:\/\/zumba-anya.de\/","logo":{"@type":"ImageObject","inLanguage":"en-GB","@id":"https:\/\/zumba-anya.de\/#\/schema\/logo\/image\/","url":"https:\/\/zumba-anya.de\/wp-content\/uploads\/2021\/05\/anya-1.png","contentUrl":"https:\/\/zumba-anya.de\/wp-content\/uploads\/2021\/05\/anya-1.png","width":878,"height":785,"caption":"Zumba by Anya"},"image":{"@id":"https:\/\/zumba-anya.de\/#\/schema\/logo\/image\/"}}]}},"_links":{"self":[{"href":"https:\/\/zumba-anya.de\/eng\/wp-json\/wp\/v2\/pages\/12431","targetHints":{"allow":["GET"]}}],"collection":[{"href":"https:\/\/zumba-anya.de\/eng\/wp-json\/wp\/v2\/pages"}],"about":[{"href":"https:\/\/zumba-anya.de\/eng\/wp-json\/wp\/v2\/types\/page"}],"author":[{"embeddable":true,"href":"https:\/\/zumba-anya.de\/eng\/wp-json\/wp\/v2\/users\/2"}],"replies":[{"embeddable":true,"href":"https:\/\/zumba-anya.de\/eng\/wp-json\/wp\/v2\/comments?post=12431"}],"version-history":[{"count":22,"href":"https:\/\/zumba-anya.de\/eng\/wp-json\/wp\/v2\/pages\/12431\/revisions"}],"predecessor-version":[{"id":13993,"href":"https:\/\/zumba-anya.de\/eng\/wp-json\/wp\/v2\/pages\/12431\/revisions\/13993"}],"up":[{"embeddable":true,"href":"https:\/\/zumba-anya.de\/eng\/wp-json\/wp\/v2\/pages\/12206"}],"wp:featuredmedia":[{"embeddable":true,"href":"https:\/\/zumba-anya.de\/eng\/wp-json\/wp\/v2\/media\/13343"}],"wp:attachment":[{"href":"https:\/\/zumba-anya.de\/eng\/wp-json\/wp\/v2\/media?parent=12431"}],"curies":[{"name":"wp","href":"https:\/\/api.w.org\/{rel}","templated":true}]}}