{"id":12433,"date":"2021-08-25T12:01:30","date_gmt":"2021-08-25T11:01:30","guid":{"rendered":"https:\/\/zumba-anya.de\/?page_id=12433"},"modified":"2021-08-25T14:35:08","modified_gmt":"2021-08-25T13:35:08","slug":"turnhalle-kerspleben","status":"publish","type":"page","link":"https:\/\/zumba-anya.de\/eng\/studio\/turnhalle-kerspleben\/","title":{"rendered":"Turnhalle Kerspleben"},"content":{"rendered":"<div data-elementor-type=\"wp-page\" data-elementor-id=\"12433\" class=\"elementor elementor-12433\" data-elementor-post-type=\"page\">\n\t\t\t\t\t\t<section class=\"elementor-section elementor-top-section elementor-element elementor-element-77c512d elementor-section-boxed elementor-section-height-default elementor-section-height-default\" data-id=\"77c512d\" data-element_type=\"section\" data-e-type=\"section\">\n\t\t\t\t\t\t<div class=\"elementor-container elementor-column-gap-default\">\n\t\t\t\t\t<div class=\"elementor-column elementor-col-100 elementor-top-column elementor-element elementor-element-c0b9147\" data-id=\"c0b9147\" data-element_type=\"column\" data-e-type=\"column\">\n\t\t\t<div class=\"elementor-widget-wrap elementor-element-populated\">\n\t\t\t\t\t\t<div class=\"elementor-element elementor-element-5a72078 elementor-widget elementor-widget-text-editor\" data-id=\"5a72078\" data-element_type=\"widget\" data-e-type=\"widget\" data-widget_type=\"text-editor.default\">\n\t\t\t\t\t\t\t\t\tFor 10 years, our Zumba classes are held in the gym in Kerspleben. The hall is large, with parquet flooring and bright. It is located in a North-Eastern district of Erfurt. Changing rooms and toilets are on site.\t\t\t\t\t\t\t\t<\/div>\n\t\t\t\t<div class=\"elementor-element elementor-element-5b4ec76 elementor-widget elementor-widget-text-editor\" data-id=\"5b4ec76\" data-element_type=\"widget\" data-e-type=\"widget\" data-widget_type=\"text-editor.default\">\n\t\t\t\t\t\t\t\t\t<p><b>Direction:<\/b><br \/>Staatl. Gemeinschaftsschule Kerspleben<br \/>Garden street 19<br \/>99098 Erfurt<\/p>\t\t\t\t\t\t\t\t<\/div>\n\t\t\t\t<div class=\"elementor-element elementor-element-47c77f4 elementor-widget elementor-widget-text-editor\" data-id=\"47c77f4\" data-element_type=\"widget\" data-e-type=\"widget\" data-widget_type=\"text-editor.default\">\n\t\t\t\t\t\t\t\t\t<p>Parking facilities are given. Public transport is available.<\/p>\t\t\t\t\t\t\t\t<\/div>\n\t\t\t\t<div class=\"elementor-element elementor-element-4420143 elementor-widget elementor-widget-google_maps\" data-id=\"4420143\" data-element_type=\"widget\" data-e-type=\"widget\" data-widget_type=\"google_maps.default\">\n\t\t\t\t\t\t\t<div class=\"elementor-custom-embed\">\n\t\t\t<iframe loading=\"lazy\"\n\t\t\t\t\tsrc=\"https:\/\/www.google.com\/maps\/embed\/v1\/place?key=AIzaSyDtmRnAG25uSs-PgmIqFF-MllOOxTr4VcM&#038;q=Gartenstra%C3%9Fe%2019%2C%2099098%20Erfurt&#038;zoom=14\"\n\t\t\t\t\ttitle=\"Garden Road 19, 99098 Erfurt\"\n\t\t\t\t\taria-label=\"Garden Road 19, 99098 Erfurt\"\n\t\t\t><\/iframe>\n\t\t<\/div>\n\t\t\t\t\t\t<\/div>\n\t\t\t\t\t<\/div>\n\t\t<\/div>\n\t\t\t\t\t<\/div>\n\t\t<\/section>\n\t\t\t\t<\/div>","protected":false},"excerpt":{"rendered":"<p>Seit 10 Jahren finden unsere Zumbakurse in der Turnhalle in Kerspleben statt. Die Halle ist gro\u00df, mit Parkett ausgelegt und hell. Sie liegt in einem nord\u00f6stlichen Stadtteil von Erfurt. Umkleiden und Toiletten sind vor Ort. Anfahrt:Staatl. Gemeinschaftsschule KersplebenGartenstra\u00dfe 1999098 Erfurt Parkm\u00f6glichkeiten sind gegeben. \u00d6ffentlicher Nahverkehr besteht.<\/p>","protected":false},"author":2,"featured_media":12286,"parent":12206,"menu_order":0,"comment_status":"closed","ping_status":"closed","template":"","meta":{"site-sidebar-layout":"no-sidebar","site-content-layout":"page-builder","ast-site-content-layout":"default","site-content-style":"default","site-sidebar-style":"default","ast-global-header-display":"","ast-banner-title-visibility":"","ast-main-header-display":"","ast-hfb-above-header-display":"","ast-hfb-below-header-display":"","ast-hfb-mobile-header-display":"","site-post-title":"disabled","ast-breadcrumbs-content":"","ast-featured-img":"disabled","footer-sml-layout":"","ast-disable-related-posts":"","theme-transparent-header-meta":"default","adv-header-id-meta":"","stick-header-meta":"","header-above-stick-meta":"","header-main-stick-meta":"","header-below-stick-meta":"","astra-migrate-meta-layouts":"default","ast-page-background-enabled":"default","ast-page-background-meta":{"desktop":{"background-color":"","background-image":"","background-repeat":"repeat","background-position":"center center","background-size":"auto","background-attachment":"scroll","background-type":"","background-media":"","overlay-type":"","overlay-color":"","overlay-opacity":"","overlay-gradient":""},"tablet":{"background-color":"","background-image":"","background-repeat":"repeat","background-position":"center center","background-size":"auto","background-attachment":"scroll","background-type":"","background-media":"","overlay-type":"","overlay-color":"","overlay-opacity":"","overlay-gradient":""},"mobile":{"background-color":"","background-image":"","background-repeat":"repeat","background-position":"center center","background-size":"auto","background-attachment":"scroll","background-type":"","background-media":"","overlay-type":"","overlay-color":"","overlay-opacity":"","overlay-gradient":""}},"ast-content-background-meta":{"desktop":{"background-color":"var(--ast-global-color-5)","background-image":"","background-repeat":"repeat","background-position":"center center","background-size":"auto","background-attachment":"scroll","background-type":"","background-media":"","overlay-type":"","overlay-color":"","overlay-opacity":"","overlay-gradient":""},"tablet":{"background-color":"var(--ast-global-color-5)","background-image":"","background-repeat":"repeat","background-position":"center center","background-size":"auto","background-attachment":"scroll","background-type":"","background-media":"","overlay-type":"","overlay-color":"","overlay-opacity":"","overlay-gradient":""},"mobile":{"background-color":"var(--ast-global-color-5)","background-image":"","background-repeat":"repeat","background-position":"center center","background-size":"auto","background-attachment":"scroll","background-type":"","background-media":"","overlay-type":"","overlay-color":"","overlay-opacity":"","overlay-gradient":""}},"footnotes":""},"class_list":["post-12433","page","type-page","status-publish","has-post-thumbnail","hentry"],"yoast_head":"<!-- This site is optimized with the Yoast SEO plugin v27.4 - https:\/\/yoast.com\/product\/yoast-seo-wordpress\/ -->\n<title>Turnhalle Kerspleben - Zumba by Anya<\/title>\n<meta name=\"robots\" content=\"index, follow, max-snippet:-1, max-image-preview:large, max-video-preview:-1\" \/>\n<link rel=\"canonical\" href=\"https:\/\/zumba-anya.de\/eng\/studio\/turnhalle-kerspleben\/\" \/>\n<meta property=\"og:locale\" content=\"en_GB\" \/>\n<meta property=\"og:type\" content=\"article\" \/>\n<meta property=\"og:title\" content=\"Turnhalle Kerspleben - Zumba by Anya\" \/>\n<meta property=\"og:description\" content=\"Seit 10 Jahren finden unsere Zumbakurse in der Turnhalle in Kerspleben statt. Die Halle ist gro\u00df, mit Parkett ausgelegt und hell. Sie liegt in einem nord\u00f6stlichen Stadtteil von Erfurt. Umkleiden und Toiletten sind vor Ort. Anfahrt:Staatl. Gemeinschaftsschule KersplebenGartenstra\u00dfe 1999098 Erfurt Parkm\u00f6glichkeiten sind gegeben. \u00d6ffentlicher Nahverkehr besteht.\" \/>\n<meta property=\"og:url\" content=\"https:\/\/zumba-anya.de\/eng\/studio\/turnhalle-kerspleben\/\" \/>\n<meta property=\"og:site_name\" content=\"Zumba by Anya\" \/>\n<meta property=\"article:modified_time\" content=\"2021-08-25T13:35:08+00:00\" \/>\n<meta property=\"og:image\" content=\"https:\/\/zumba-anya.de\/wp-content\/uploads\/2021\/08\/DSC3793-scaled.jpg\" \/>\n\t<meta property=\"og:image:width\" content=\"2560\" \/>\n\t<meta property=\"og:image:height\" content=\"1709\" \/>\n\t<meta property=\"og:image:type\" content=\"image\/jpeg\" \/>\n<meta name=\"twitter:card\" content=\"summary_large_image\" \/>\n<meta name=\"twitter:label1\" content=\"Estimated reading time\" \/>\n\t<meta name=\"twitter:data1\" content=\"1 minute\" \/>\n<script type=\"application\/ld+json\" class=\"yoast-schema-graph\">{\"@context\":\"https:\\\/\\\/schema.org\",\"@graph\":[{\"@type\":\"WebPage\",\"@id\":\"https:\\\/\\\/zumba-anya.de\\\/studio\\\/turnhalle-kerspleben\\\/\",\"url\":\"https:\\\/\\\/zumba-anya.de\\\/studio\\\/turnhalle-kerspleben\\\/\",\"name\":\"Turnhalle Kerspleben - Zumba by Anya\",\"isPartOf\":{\"@id\":\"https:\\\/\\\/zumba-anya.de\\\/#website\"},\"primaryImageOfPage\":{\"@id\":\"https:\\\/\\\/zumba-anya.de\\\/studio\\\/turnhalle-kerspleben\\\/#primaryimage\"},\"image\":{\"@id\":\"https:\\\/\\\/zumba-anya.de\\\/studio\\\/turnhalle-kerspleben\\\/#primaryimage\"},\"thumbnailUrl\":\"https:\\\/\\\/zumba-anya.de\\\/wp-content\\\/uploads\\\/2021\\\/08\\\/DSC3793-scaled.jpg\",\"datePublished\":\"2021-08-25T11:01:30+00:00\",\"dateModified\":\"2021-08-25T13:35:08+00:00\",\"breadcrumb\":{\"@id\":\"https:\\\/\\\/zumba-anya.de\\\/studio\\\/turnhalle-kerspleben\\\/#breadcrumb\"},\"inLanguage\":\"en-GB\",\"potentialAction\":[{\"@type\":\"ReadAction\",\"target\":[\"https:\\\/\\\/zumba-anya.de\\\/studio\\\/turnhalle-kerspleben\\\/\"]}]},{\"@type\":\"ImageObject\",\"inLanguage\":\"en-GB\",\"@id\":\"https:\\\/\\\/zumba-anya.de\\\/studio\\\/turnhalle-kerspleben\\\/#primaryimage\",\"url\":\"https:\\\/\\\/zumba-anya.de\\\/wp-content\\\/uploads\\\/2021\\\/08\\\/DSC3793-scaled.jpg\",\"contentUrl\":\"https:\\\/\\\/zumba-anya.de\\\/wp-content\\\/uploads\\\/2021\\\/08\\\/DSC3793-scaled.jpg\",\"width\":2560,\"height\":1709},{\"@type\":\"BreadcrumbList\",\"@id\":\"https:\\\/\\\/zumba-anya.de\\\/studio\\\/turnhalle-kerspleben\\\/#breadcrumb\",\"itemListElement\":[{\"@type\":\"ListItem\",\"position\":1,\"name\":\"Startseite\",\"item\":\"https:\\\/\\\/zumba-anya.de\\\/\"},{\"@type\":\"ListItem\",\"position\":2,\"name\":\"Unsere Locations\",\"item\":\"https:\\\/\\\/zumba-anya.de\\\/studio\\\/\"},{\"@type\":\"ListItem\",\"position\":3,\"name\":\"Turnhalle Kerspleben\"}]},{\"@type\":\"WebSite\",\"@id\":\"https:\\\/\\\/zumba-anya.de\\\/#website\",\"url\":\"https:\\\/\\\/zumba-anya.de\\\/\",\"name\":\"Zumba by Anya\",\"description\":\"Jeder ist willkommen - AUCH DU!\",\"publisher\":{\"@id\":\"https:\\\/\\\/zumba-anya.de\\\/#organization\"},\"potentialAction\":[{\"@type\":\"SearchAction\",\"target\":{\"@type\":\"EntryPoint\",\"urlTemplate\":\"https:\\\/\\\/zumba-anya.de\\\/?s={search_term_string}\"},\"query-input\":{\"@type\":\"PropertyValueSpecification\",\"valueRequired\":true,\"valueName\":\"search_term_string\"}}],\"inLanguage\":\"en-GB\"},{\"@type\":\"Organization\",\"@id\":\"https:\\\/\\\/zumba-anya.de\\\/#organization\",\"name\":\"Zumba by Anya\",\"url\":\"https:\\\/\\\/zumba-anya.de\\\/\",\"logo\":{\"@type\":\"ImageObject\",\"inLanguage\":\"en-GB\",\"@id\":\"https:\\\/\\\/zumba-anya.de\\\/#\\\/schema\\\/logo\\\/image\\\/\",\"url\":\"https:\\\/\\\/zumba-anya.de\\\/wp-content\\\/uploads\\\/2021\\\/05\\\/anya-1.png\",\"contentUrl\":\"https:\\\/\\\/zumba-anya.de\\\/wp-content\\\/uploads\\\/2021\\\/05\\\/anya-1.png\",\"width\":878,\"height\":785,\"caption\":\"Zumba by Anya\"},\"image\":{\"@id\":\"https:\\\/\\\/zumba-anya.de\\\/#\\\/schema\\\/logo\\\/image\\\/\"}}]}<\/script>\n<!-- \/ Yoast SEO plugin. -->","yoast_head_json":{"title":"Turnhalle Kerspleben - Zumba by Anya","robots":{"index":"index","follow":"follow","max-snippet":"max-snippet:-1","max-image-preview":"max-image-preview:large","max-video-preview":"max-video-preview:-1"},"canonical":"https:\/\/zumba-anya.de\/eng\/studio\/turnhalle-kerspleben\/","og_locale":"en_GB","og_type":"article","og_title":"Turnhalle Kerspleben - Zumba by Anya","og_description":"Seit 10 Jahren finden unsere Zumbakurse in der Turnhalle in Kerspleben statt. Die Halle ist gro\u00df, mit Parkett ausgelegt und hell. Sie liegt in einem nord\u00f6stlichen Stadtteil von Erfurt. Umkleiden und Toiletten sind vor Ort. Anfahrt:Staatl. Gemeinschaftsschule KersplebenGartenstra\u00dfe 1999098 Erfurt Parkm\u00f6glichkeiten sind gegeben. \u00d6ffentlicher Nahverkehr besteht.","og_url":"https:\/\/zumba-anya.de\/eng\/studio\/turnhalle-kerspleben\/","og_site_name":"Zumba by Anya","article_modified_time":"2021-08-25T13:35:08+00:00","og_image":[{"width":2560,"height":1709,"url":"https:\/\/zumba-anya.de\/wp-content\/uploads\/2021\/08\/DSC3793-scaled.jpg","type":"image\/jpeg"}],"twitter_card":"summary_large_image","twitter_misc":{"Estimated reading time":"1 minute"},"schema":{"@context":"https:\/\/schema.org","@graph":[{"@type":"WebPage","@id":"https:\/\/zumba-anya.de\/studio\/turnhalle-kerspleben\/","url":"https:\/\/zumba-anya.de\/studio\/turnhalle-kerspleben\/","name":"Turnhalle Kerspleben - Zumba by Anya","isPartOf":{"@id":"https:\/\/zumba-anya.de\/#website"},"primaryImageOfPage":{"@id":"https:\/\/zumba-anya.de\/studio\/turnhalle-kerspleben\/#primaryimage"},"image":{"@id":"https:\/\/zumba-anya.de\/studio\/turnhalle-kerspleben\/#primaryimage"},"thumbnailUrl":"https:\/\/zumba-anya.de\/wp-content\/uploads\/2021\/08\/DSC3793-scaled.jpg","datePublished":"2021-08-25T11:01:30+00:00","dateModified":"2021-08-25T13:35:08+00:00","breadcrumb":{"@id":"https:\/\/zumba-anya.de\/studio\/turnhalle-kerspleben\/#breadcrumb"},"inLanguage":"en-GB","potentialAction":[{"@type":"ReadAction","target":["https:\/\/zumba-anya.de\/studio\/turnhalle-kerspleben\/"]}]},{"@type":"ImageObject","inLanguage":"en-GB","@id":"https:\/\/zumba-anya.de\/studio\/turnhalle-kerspleben\/#primaryimage","url":"https:\/\/zumba-anya.de\/wp-content\/uploads\/2021\/08\/DSC3793-scaled.jpg","contentUrl":"https:\/\/zumba-anya.de\/wp-content\/uploads\/2021\/08\/DSC3793-scaled.jpg","width":2560,"height":1709},{"@type":"BreadcrumbList","@id":"https:\/\/zumba-anya.de\/studio\/turnhalle-kerspleben\/#breadcrumb","itemListElement":[{"@type":"ListItem","position":1,"name":"Startseite","item":"https:\/\/zumba-anya.de\/"},{"@type":"ListItem","position":2,"name":"Unsere Locations","item":"https:\/\/zumba-anya.de\/studio\/"},{"@type":"ListItem","position":3,"name":"Turnhalle Kerspleben"}]},{"@type":"WebSite","@id":"https:\/\/zumba-anya.de\/#website","url":"https:\/\/zumba-anya.de\/","name":"Zumba by Anya","description":"Jeder ist willkommen - AUCH DU!","publisher":{"@id":"https:\/\/zumba-anya.de\/#organization"},"potentialAction":[{"@type":"SearchAction","target":{"@type":"EntryPoint","urlTemplate":"https:\/\/zumba-anya.de\/?s={search_term_string}"},"query-input":{"@type":"PropertyValueSpecification","valueRequired":true,"valueName":"search_term_string"}}],"inLanguage":"en-GB"},{"@type":"Organization","@id":"https:\/\/zumba-anya.de\/#organization","name":"Zumba by Anya","url":"https:\/\/zumba-anya.de\/","logo":{"@type":"ImageObject","inLanguage":"en-GB","@id":"https:\/\/zumba-anya.de\/#\/schema\/logo\/image\/","url":"https:\/\/zumba-anya.de\/wp-content\/uploads\/2021\/05\/anya-1.png","contentUrl":"https:\/\/zumba-anya.de\/wp-content\/uploads\/2021\/05\/anya-1.png","width":878,"height":785,"caption":"Zumba by Anya"},"image":{"@id":"https:\/\/zumba-anya.de\/#\/schema\/logo\/image\/"}}]}},"_links":{"self":[{"href":"https:\/\/zumba-anya.de\/eng\/wp-json\/wp\/v2\/pages\/12433","targetHints":{"allow":["GET"]}}],"collection":[{"href":"https:\/\/zumba-anya.de\/eng\/wp-json\/wp\/v2\/pages"}],"about":[{"href":"https:\/\/zumba-anya.de\/eng\/wp-json\/wp\/v2\/types\/page"}],"author":[{"embeddable":true,"href":"https:\/\/zumba-anya.de\/eng\/wp-json\/wp\/v2\/users\/2"}],"replies":[{"embeddable":true,"href":"https:\/\/zumba-anya.de\/eng\/wp-json\/wp\/v2\/comments?post=12433"}],"version-history":[{"count":7,"href":"https:\/\/zumba-anya.de\/eng\/wp-json\/wp\/v2\/pages\/12433\/revisions"}],"predecessor-version":[{"id":12500,"href":"https:\/\/zumba-anya.de\/eng\/wp-json\/wp\/v2\/pages\/12433\/revisions\/12500"}],"up":[{"embeddable":true,"href":"https:\/\/zumba-anya.de\/eng\/wp-json\/wp\/v2\/pages\/12206"}],"wp:featuredmedia":[{"embeddable":true,"href":"https:\/\/zumba-anya.de\/eng\/wp-json\/wp\/v2\/media\/12286"}],"wp:attachment":[{"href":"https:\/\/zumba-anya.de\/eng\/wp-json\/wp\/v2\/media?parent=12433"}],"curies":[{"name":"wp","href":"https:\/\/api.w.org\/{rel}","templated":true}]}}