{"id":13602,"date":"2025-05-30T08:27:25","date_gmt":"2025-05-30T07:27:25","guid":{"rendered":"https:\/\/zumba-anya.de\/?page_id=13602"},"modified":"2025-06-04T12:29:41","modified_gmt":"2025-06-04T11:29:41","slug":"nordpark-erfurt","status":"publish","type":"page","link":"https:\/\/zumba-anya.de\/eng\/studio\/nordpark-erfurt\/","title":{"rendered":"Nordpark Erfurt"},"content":{"rendered":"<div data-elementor-type=\"wp-page\" data-elementor-id=\"13602\" class=\"elementor elementor-13602\" data-elementor-post-type=\"page\">\n\t\t\t\t\t\t<section class=\"elementor-section elementor-top-section elementor-element elementor-element-7e72cfaa elementor-section-boxed elementor-section-height-default elementor-section-height-default\" data-id=\"7e72cfaa\" data-element_type=\"section\" data-e-type=\"section\">\n\t\t\t\t\t\t<div class=\"elementor-container elementor-column-gap-default\">\n\t\t\t\t\t<div class=\"elementor-column elementor-col-100 elementor-top-column elementor-element elementor-element-1209b866\" data-id=\"1209b866\" data-element_type=\"column\" data-e-type=\"column\">\n\t\t\t<div class=\"elementor-widget-wrap elementor-element-populated\">\n\t\t\t\t\t\t<div class=\"elementor-element elementor-element-35a47b96 elementor-widget elementor-widget-text-editor\" data-id=\"35a47b96\" data-element_type=\"widget\" data-e-type=\"widget\" data-widget_type=\"text-editor.default\">\n\t\t\t\t\t\t\t\t\t<p>Ab Mitte Mai und sobald sich die Sonne zeigt, sind wir im sch\u00f6nen Nordpark, der gr\u00f6\u00dften \u00f6ffentlichen Parkanlage von Erfurt. Die frische Luft und das wundervolle Gr\u00fcn um dich herum machen den Kurs zu einem besonderen Erlebnis.<\/p><p><strong>Treffpunkt:<\/strong> Wir treffen uns am <a href=\"https:\/\/zumba-anya.de\/wp-content\/uploads\/2024\/06\/Standort-Nordpark.jpeg\">Anfang des Nordparks, Ecke Adalbertstra\u00dfe<\/a> auf der asphaltierten Fl\u00e4che bei den Pollern<\/p>\t\t\t\t\t\t\t\t<\/div>\n\t\t\t\t<div class=\"elementor-element elementor-element-127f7bb elementor-widget elementor-widget-google_maps\" data-id=\"127f7bb\" data-element_type=\"widget\" data-e-type=\"widget\" data-widget_type=\"google_maps.default\">\n\t\t\t\t\t\t\t<div class=\"elementor-custom-embed\">\n\t\t\t<iframe loading=\"lazy\"\n\t\t\t\t\tsrc=\"https:\/\/www.google.com\/maps\/embed\/v1\/place?key=AIzaSyDtmRnAG25uSs-PgmIqFF-MllOOxTr4VcM&#038;q=X2R9%2B64R%20Erfurt&#038;zoom=17\"\n\t\t\t\t\ttitle=\"X2R9+64R Erfurt\"\n\t\t\t\t\taria-label=\"X2R9+64R Erfurt\"\n\t\t\t><\/iframe>\n\t\t<\/div>\n\t\t\t\t\t\t<\/div>\n\t\t\t\t\t<\/div>\n\t\t<\/div>\n\t\t\t\t\t<\/div>\n\t\t<\/section>\n\t\t\t\t<\/div>","protected":false},"excerpt":{"rendered":"<p>Ab Mitte Mai und sobald sich die Sonne zeigt, sind wir im sch\u00f6nen Nordpark, der gr\u00f6\u00dften \u00f6ffentlichen Parkanlage von Erfurt. Die frische Luft und das wundervolle Gr\u00fcn um dich herum machen den Kurs zu einem besonderen Erlebnis. Treffpunkt: Wir treffen uns am Anfang des Nordparks, Ecke Adalbertstra\u00dfe auf der asphaltierten Fl\u00e4che bei den Pollern<\/p>","protected":false},"author":2,"featured_media":0,"parent":12206,"menu_order":0,"comment_status":"closed","ping_status":"closed","template":"","meta":{"site-sidebar-layout":"default","site-content-layout":"","ast-site-content-layout":"default","site-content-style":"default","site-sidebar-style":"default","ast-global-header-display":"","ast-banner-title-visibility":"","ast-main-header-display":"","ast-hfb-above-header-display":"","ast-hfb-below-header-display":"","ast-hfb-mobile-header-display":"","site-post-title":"","ast-breadcrumbs-content":"","ast-featured-img":"","footer-sml-layout":"","ast-disable-related-posts":"","theme-transparent-header-meta":"default","adv-header-id-meta":"","stick-header-meta":"","header-above-stick-meta":"","header-main-stick-meta":"","header-below-stick-meta":"","astra-migrate-meta-layouts":"set","ast-page-background-enabled":"default","ast-page-background-meta":{"desktop":{"background-color":"","background-image":"","background-repeat":"repeat","background-position":"center center","background-size":"auto","background-attachment":"scroll","background-type":"","background-media":"","overlay-type":"","overlay-color":"","overlay-opacity":"","overlay-gradient":""},"tablet":{"background-color":"","background-image":"","background-repeat":"repeat","background-position":"center center","background-size":"auto","background-attachment":"scroll","background-type":"","background-media":"","overlay-type":"","overlay-color":"","overlay-opacity":"","overlay-gradient":""},"mobile":{"background-color":"","background-image":"","background-repeat":"repeat","background-position":"center center","background-size":"auto","background-attachment":"scroll","background-type":"","background-media":"","overlay-type":"","overlay-color":"","overlay-opacity":"","overlay-gradient":""}},"ast-content-background-meta":{"desktop":{"background-color":"var(--ast-global-color-5)","background-image":"","background-repeat":"repeat","background-position":"center center","background-size":"auto","background-attachment":"scroll","background-type":"","background-media":"","overlay-type":"","overlay-color":"","overlay-opacity":"","overlay-gradient":""},"tablet":{"background-color":"var(--ast-global-color-5)","background-image":"","background-repeat":"repeat","background-position":"center center","background-size":"auto","background-attachment":"scroll","background-type":"","background-media":"","overlay-type":"","overlay-color":"","overlay-opacity":"","overlay-gradient":""},"mobile":{"background-color":"var(--ast-global-color-5)","background-image":"","background-repeat":"repeat","background-position":"center center","background-size":"auto","background-attachment":"scroll","background-type":"","background-media":"","overlay-type":"","overlay-color":"","overlay-opacity":"","overlay-gradient":""}},"footnotes":""},"class_list":["post-13602","page","type-page","status-publish","hentry"],"yoast_head":"<!-- This site is optimized with the Yoast SEO plugin v27.4 - https:\/\/yoast.com\/product\/yoast-seo-wordpress\/ -->\n<title>Nordpark Erfurt - Zumba by Anya<\/title>\n<meta name=\"robots\" content=\"index, follow, max-snippet:-1, max-image-preview:large, max-video-preview:-1\" \/>\n<link rel=\"canonical\" href=\"https:\/\/zumba-anya.de\/eng\/studio\/nordpark-erfurt\/\" \/>\n<meta property=\"og:locale\" content=\"en_GB\" \/>\n<meta property=\"og:type\" content=\"article\" \/>\n<meta property=\"og:title\" content=\"Nordpark Erfurt - Zumba by Anya\" \/>\n<meta property=\"og:description\" content=\"Ab Mitte Mai und sobald sich die Sonne zeigt, sind wir im sch\u00f6nen Nordpark, der gr\u00f6\u00dften \u00f6ffentlichen Parkanlage von Erfurt. Die frische Luft und das wundervolle Gr\u00fcn um dich herum machen den Kurs zu einem besonderen Erlebnis. Treffpunkt: Wir treffen uns am Anfang des Nordparks, Ecke Adalbertstra\u00dfe auf der asphaltierten Fl\u00e4che bei den Pollern\" \/>\n<meta property=\"og:url\" content=\"https:\/\/zumba-anya.de\/eng\/studio\/nordpark-erfurt\/\" \/>\n<meta property=\"og:site_name\" content=\"Zumba by Anya\" \/>\n<meta property=\"article:modified_time\" content=\"2025-06-04T11:29:41+00:00\" \/>\n<meta name=\"twitter:card\" content=\"summary_large_image\" \/>\n<script type=\"application\/ld+json\" class=\"yoast-schema-graph\">{\"@context\":\"https:\\\/\\\/schema.org\",\"@graph\":[{\"@type\":\"WebPage\",\"@id\":\"https:\\\/\\\/zumba-anya.de\\\/studio\\\/nordpark-erfurt\\\/\",\"url\":\"https:\\\/\\\/zumba-anya.de\\\/studio\\\/nordpark-erfurt\\\/\",\"name\":\"Nordpark Erfurt - Zumba by Anya\",\"isPartOf\":{\"@id\":\"https:\\\/\\\/zumba-anya.de\\\/#website\"},\"datePublished\":\"2025-05-30T07:27:25+00:00\",\"dateModified\":\"2025-06-04T11:29:41+00:00\",\"breadcrumb\":{\"@id\":\"https:\\\/\\\/zumba-anya.de\\\/studio\\\/nordpark-erfurt\\\/#breadcrumb\"},\"inLanguage\":\"en-GB\",\"potentialAction\":[{\"@type\":\"ReadAction\",\"target\":[\"https:\\\/\\\/zumba-anya.de\\\/studio\\\/nordpark-erfurt\\\/\"]}]},{\"@type\":\"BreadcrumbList\",\"@id\":\"https:\\\/\\\/zumba-anya.de\\\/studio\\\/nordpark-erfurt\\\/#breadcrumb\",\"itemListElement\":[{\"@type\":\"ListItem\",\"position\":1,\"name\":\"Startseite\",\"item\":\"https:\\\/\\\/zumba-anya.de\\\/\"},{\"@type\":\"ListItem\",\"position\":2,\"name\":\"Unsere Locations\",\"item\":\"https:\\\/\\\/zumba-anya.de\\\/studio\\\/\"},{\"@type\":\"ListItem\",\"position\":3,\"name\":\"Nordpark Erfurt\"}]},{\"@type\":\"WebSite\",\"@id\":\"https:\\\/\\\/zumba-anya.de\\\/#website\",\"url\":\"https:\\\/\\\/zumba-anya.de\\\/\",\"name\":\"Zumba by Anya\",\"description\":\"Jeder ist willkommen - AUCH DU!\",\"publisher\":{\"@id\":\"https:\\\/\\\/zumba-anya.de\\\/#organization\"},\"potentialAction\":[{\"@type\":\"SearchAction\",\"target\":{\"@type\":\"EntryPoint\",\"urlTemplate\":\"https:\\\/\\\/zumba-anya.de\\\/?s={search_term_string}\"},\"query-input\":{\"@type\":\"PropertyValueSpecification\",\"valueRequired\":true,\"valueName\":\"search_term_string\"}}],\"inLanguage\":\"en-GB\"},{\"@type\":\"Organization\",\"@id\":\"https:\\\/\\\/zumba-anya.de\\\/#organization\",\"name\":\"Zumba by Anya\",\"url\":\"https:\\\/\\\/zumba-anya.de\\\/\",\"logo\":{\"@type\":\"ImageObject\",\"inLanguage\":\"en-GB\",\"@id\":\"https:\\\/\\\/zumba-anya.de\\\/#\\\/schema\\\/logo\\\/image\\\/\",\"url\":\"https:\\\/\\\/zumba-anya.de\\\/wp-content\\\/uploads\\\/2021\\\/05\\\/anya-1.png\",\"contentUrl\":\"https:\\\/\\\/zumba-anya.de\\\/wp-content\\\/uploads\\\/2021\\\/05\\\/anya-1.png\",\"width\":878,\"height\":785,\"caption\":\"Zumba by Anya\"},\"image\":{\"@id\":\"https:\\\/\\\/zumba-anya.de\\\/#\\\/schema\\\/logo\\\/image\\\/\"}}]}<\/script>\n<!-- \/ Yoast SEO plugin. -->","yoast_head_json":{"title":"Nordpark Erfurt - Zumba by Anya","robots":{"index":"index","follow":"follow","max-snippet":"max-snippet:-1","max-image-preview":"max-image-preview:large","max-video-preview":"max-video-preview:-1"},"canonical":"https:\/\/zumba-anya.de\/eng\/studio\/nordpark-erfurt\/","og_locale":"en_GB","og_type":"article","og_title":"Nordpark Erfurt - Zumba by Anya","og_description":"Ab Mitte Mai und sobald sich die Sonne zeigt, sind wir im sch\u00f6nen Nordpark, der gr\u00f6\u00dften \u00f6ffentlichen Parkanlage von Erfurt. Die frische Luft und das wundervolle Gr\u00fcn um dich herum machen den Kurs zu einem besonderen Erlebnis. Treffpunkt: Wir treffen uns am Anfang des Nordparks, Ecke Adalbertstra\u00dfe auf der asphaltierten Fl\u00e4che bei den Pollern","og_url":"https:\/\/zumba-anya.de\/eng\/studio\/nordpark-erfurt\/","og_site_name":"Zumba by Anya","article_modified_time":"2025-06-04T11:29:41+00:00","twitter_card":"summary_large_image","schema":{"@context":"https:\/\/schema.org","@graph":[{"@type":"WebPage","@id":"https:\/\/zumba-anya.de\/studio\/nordpark-erfurt\/","url":"https:\/\/zumba-anya.de\/studio\/nordpark-erfurt\/","name":"Nordpark Erfurt - Zumba by Anya","isPartOf":{"@id":"https:\/\/zumba-anya.de\/#website"},"datePublished":"2025-05-30T07:27:25+00:00","dateModified":"2025-06-04T11:29:41+00:00","breadcrumb":{"@id":"https:\/\/zumba-anya.de\/studio\/nordpark-erfurt\/#breadcrumb"},"inLanguage":"en-GB","potentialAction":[{"@type":"ReadAction","target":["https:\/\/zumba-anya.de\/studio\/nordpark-erfurt\/"]}]},{"@type":"BreadcrumbList","@id":"https:\/\/zumba-anya.de\/studio\/nordpark-erfurt\/#breadcrumb","itemListElement":[{"@type":"ListItem","position":1,"name":"Startseite","item":"https:\/\/zumba-anya.de\/"},{"@type":"ListItem","position":2,"name":"Unsere Locations","item":"https:\/\/zumba-anya.de\/studio\/"},{"@type":"ListItem","position":3,"name":"Nordpark Erfurt"}]},{"@type":"WebSite","@id":"https:\/\/zumba-anya.de\/#website","url":"https:\/\/zumba-anya.de\/","name":"Zumba by Anya","description":"Jeder ist willkommen - AUCH DU!","publisher":{"@id":"https:\/\/zumba-anya.de\/#organization"},"potentialAction":[{"@type":"SearchAction","target":{"@type":"EntryPoint","urlTemplate":"https:\/\/zumba-anya.de\/?s={search_term_string}"},"query-input":{"@type":"PropertyValueSpecification","valueRequired":true,"valueName":"search_term_string"}}],"inLanguage":"en-GB"},{"@type":"Organization","@id":"https:\/\/zumba-anya.de\/#organization","name":"Zumba by Anya","url":"https:\/\/zumba-anya.de\/","logo":{"@type":"ImageObject","inLanguage":"en-GB","@id":"https:\/\/zumba-anya.de\/#\/schema\/logo\/image\/","url":"https:\/\/zumba-anya.de\/wp-content\/uploads\/2021\/05\/anya-1.png","contentUrl":"https:\/\/zumba-anya.de\/wp-content\/uploads\/2021\/05\/anya-1.png","width":878,"height":785,"caption":"Zumba by Anya"},"image":{"@id":"https:\/\/zumba-anya.de\/#\/schema\/logo\/image\/"}}]}},"_links":{"self":[{"href":"https:\/\/zumba-anya.de\/eng\/wp-json\/wp\/v2\/pages\/13602","targetHints":{"allow":["GET"]}}],"collection":[{"href":"https:\/\/zumba-anya.de\/eng\/wp-json\/wp\/v2\/pages"}],"about":[{"href":"https:\/\/zumba-anya.de\/eng\/wp-json\/wp\/v2\/types\/page"}],"author":[{"embeddable":true,"href":"https:\/\/zumba-anya.de\/eng\/wp-json\/wp\/v2\/users\/2"}],"replies":[{"embeddable":true,"href":"https:\/\/zumba-anya.de\/eng\/wp-json\/wp\/v2\/comments?post=13602"}],"version-history":[{"count":11,"href":"https:\/\/zumba-anya.de\/eng\/wp-json\/wp\/v2\/pages\/13602\/revisions"}],"predecessor-version":[{"id":13623,"href":"https:\/\/zumba-anya.de\/eng\/wp-json\/wp\/v2\/pages\/13602\/revisions\/13623"}],"up":[{"embeddable":true,"href":"https:\/\/zumba-anya.de\/eng\/wp-json\/wp\/v2\/pages\/12206"}],"wp:attachment":[{"href":"https:\/\/zumba-anya.de\/eng\/wp-json\/wp\/v2\/media?parent=13602"}],"curies":[{"name":"wp","href":"https:\/\/api.w.org\/{rel}","templated":true}]}}