{"id":13902,"date":"2026-02-19T13:45:25","date_gmt":"2026-02-19T12:45:25","guid":{"rendered":"https:\/\/zumba-anya.de\/?page_id=13902"},"modified":"2026-02-28T13:19:55","modified_gmt":"2026-02-28T12:19:55","slug":"zumba-wear","status":"publish","type":"page","link":"https:\/\/zumba-anya.de\/eng\/zumba-wear\/","title":{"rendered":"Do I need special clothes for Zumba?"},"content":{"rendered":"<div data-elementor-type=\"wp-page\" data-elementor-id=\"13902\" class=\"elementor elementor-13902\" data-elementor-post-type=\"page\">\n\t\t\t\t\t\t<section class=\"elementor-section elementor-top-section elementor-element elementor-element-77eb1e06 elementor-section-content-middle elementor-reverse-mobile elementor-section-boxed elementor-section-height-default elementor-section-height-default\" data-id=\"77eb1e06\" data-element_type=\"section\" data-e-type=\"section\">\n\t\t\t\t\t\t<div class=\"elementor-container elementor-column-gap-default\">\n\t\t\t\t\t<div class=\"elementor-column elementor-col-50 elementor-top-column elementor-element elementor-element-8528828\" data-id=\"8528828\" data-element_type=\"column\" data-e-type=\"column\">\n\t\t\t<div class=\"elementor-widget-wrap elementor-element-populated\">\n\t\t\t\t\t\t<div class=\"elementor-element elementor-element-ea26a0c elementor-widget elementor-widget-heading\" data-id=\"ea26a0c\" data-element_type=\"widget\" data-e-type=\"widget\" data-widget_type=\"heading.default\">\n\t\t\t\t\t<h2 class=\"elementor-heading-title elementor-size-default\">Do I need special clothes for Zumba?<\/h2>\t\t\t\t<\/div>\n\t\t\t\t<div class=\"elementor-element elementor-element-27e6b5ed elementor-widget elementor-widget-text-editor\" data-id=\"27e6b5ed\" data-element_type=\"widget\" data-e-type=\"widget\" data-widget_type=\"text-editor.default\">\n\t\t\t\t\t\t\t\t\t<p>Viele fragen sich: \u201eBrauche ich spezielle Kleidung f\u00fcr Zumba?\u201c<\/p><p>Die Antwort: Du brauchst keine spezielle Kleidung. Nimm das mit, worin du dich wohlf\u00fchlst. Auch in der Farbwahl bist du frei. Bunt w\u00e4re uns nat\u00fcrlich am liebsten \u2026 Bitte trage beim Zumba in den Hallen keine Stra\u00dfenschuhe. Nutze hier, wenn m\u00f6glich, Schuhe mit heller Sohle.<\/p><p>Komfortable Sportkleidung reicht oft, aber <strong data-start=\"958\" data-end=\"972\">Zumba Wear<\/strong> bietet oft extra Bewegungsfreiheit und coole Styles f\u00fcr das Training. \ud83d\ude0e<\/p>\t\t\t\t\t\t\t\t<\/div>\n\t\t\t\t\t<\/div>\n\t\t<\/div>\n\t\t\t\t<div class=\"elementor-column elementor-col-50 elementor-top-column elementor-element elementor-element-646065d7\" data-id=\"646065d7\" data-element_type=\"column\" data-e-type=\"column\">\n\t\t\t<div class=\"elementor-widget-wrap elementor-element-populated\">\n\t\t\t\t\t\t<div class=\"elementor-element elementor-element-073814e elementor-widget elementor-widget-image\" data-id=\"073814e\" data-element_type=\"widget\" data-e-type=\"widget\" data-widget_type=\"image.default\">\n\t\t\t\t\t\t\t\t\t\t\t\t\t\t\t<img fetchpriority=\"high\" decoding=\"async\" width=\"768\" height=\"872\" src=\"https:\/\/zumba-anya.de\/wp-content\/uploads\/2021\/11\/IMG_6752-768x872.png\" class=\"attachment-medium_large size-medium_large wp-image-12612\" alt=\"\" srcset=\"https:\/\/zumba-anya.de\/wp-content\/uploads\/2021\/11\/IMG_6752-768x872.png 768w, https:\/\/zumba-anya.de\/wp-content\/uploads\/2021\/11\/IMG_6752-440x500.png 440w, https:\/\/zumba-anya.de\/wp-content\/uploads\/2021\/11\/IMG_6752-1353x1536.png 1353w, https:\/\/zumba-anya.de\/wp-content\/uploads\/2021\/11\/IMG_6752-600x681.png 600w, https:\/\/zumba-anya.de\/wp-content\/uploads\/2021\/11\/IMG_6752.png 1580w\" sizes=\"(max-width: 768px) 100vw, 768px\" \/>\t\t\t\t\t\t\t\t\t\t\t\t\t\t\t<\/div>\n\t\t\t\t\t<\/div>\n\t\t<\/div>\n\t\t\t\t\t<\/div>\n\t\t<\/section>\n\t\t\t\t<\/div>","protected":false},"excerpt":{"rendered":"<p>Brauche ich spezielle Kleidung f\u00fcr Zumba? Viele fragen sich: \u201eBrauche ich spezielle Kleidung f\u00fcr Zumba?\u201c Die Antwort: Du brauchst keine spezielle Kleidung. Nimm das mit, worin du dich wohlf\u00fchlst. Auch in der Farbwahl bist du frei. Bunt w\u00e4re uns nat\u00fcrlich am liebsten \u2026 Bitte trage beim Zumba in den Hallen keine Stra\u00dfenschuhe. Nutze hier, wenn [&hellip;]<\/p>\n","protected":false},"author":2,"featured_media":0,"parent":0,"menu_order":0,"comment_status":"closed","ping_status":"closed","template":"","meta":{"site-sidebar-layout":"default","site-content-layout":"default","ast-site-content-layout":"default","site-content-style":"default","site-sidebar-style":"default","ast-global-header-display":"","ast-banner-title-visibility":"","ast-main-header-display":"","ast-hfb-above-header-display":"","ast-hfb-below-header-display":"","ast-hfb-mobile-header-display":"","site-post-title":"","ast-breadcrumbs-content":"","ast-featured-img":"","footer-sml-layout":"","ast-disable-related-posts":"","theme-transparent-header-meta":"default","adv-header-id-meta":"","stick-header-meta":"","header-above-stick-meta":"","header-main-stick-meta":"","header-below-stick-meta":"","astra-migrate-meta-layouts":"set","ast-page-background-enabled":"default","ast-page-background-meta":{"desktop":{"background-color":"","background-image":"","background-repeat":"repeat","background-position":"center center","background-size":"auto","background-attachment":"scroll","background-type":"","background-media":"","overlay-type":"","overlay-color":"","overlay-opacity":"","overlay-gradient":""},"tablet":{"background-color":"","background-image":"","background-repeat":"repeat","background-position":"center center","background-size":"auto","background-attachment":"scroll","background-type":"","background-media":"","overlay-type":"","overlay-color":"","overlay-opacity":"","overlay-gradient":""},"mobile":{"background-color":"","background-image":"","background-repeat":"repeat","background-position":"center center","background-size":"auto","background-attachment":"scroll","background-type":"","background-media":"","overlay-type":"","overlay-color":"","overlay-opacity":"","overlay-gradient":""}},"ast-content-background-meta":{"desktop":{"background-color":"var(--ast-global-color-5)","background-image":"","background-repeat":"repeat","background-position":"center center","background-size":"auto","background-attachment":"scroll","background-type":"","background-media":"","overlay-type":"","overlay-color":"","overlay-opacity":"","overlay-gradient":""},"tablet":{"background-color":"var(--ast-global-color-5)","background-image":"","background-repeat":"repeat","background-position":"center center","background-size":"auto","background-attachment":"scroll","background-type":"","background-media":"","overlay-type":"","overlay-color":"","overlay-opacity":"","overlay-gradient":""},"mobile":{"background-color":"var(--ast-global-color-5)","background-image":"","background-repeat":"repeat","background-position":"center center","background-size":"auto","background-attachment":"scroll","background-type":"","background-media":"","overlay-type":"","overlay-color":"","overlay-opacity":"","overlay-gradient":""}},"footnotes":""},"class_list":["post-13902","page","type-page","status-publish","hentry"],"yoast_head":"<!-- This site is optimized with the Yoast SEO plugin v27.4 - https:\/\/yoast.com\/product\/yoast-seo-wordpress\/ -->\n<title>Brauche ich spezielle Kleidung f\u00fcr Zumba? | Zumba by Anya<\/title>\n<meta name=\"description\" content=\"Erfahre, welche Kleidung und Zumba Wear du f\u00fcrs Training brauchst. Komfortabel, atmungsaktiv &amp; stylish tanzen \u2013 Tipps f\u00fcr Anf\u00e4nger &amp; Profis.\" \/>\n<meta name=\"robots\" content=\"index, follow, max-snippet:-1, max-image-preview:large, max-video-preview:-1\" \/>\n<link rel=\"canonical\" href=\"https:\/\/zumba-anya.de\/eng\/zumba-wear\/\" \/>\n<meta property=\"og:locale\" content=\"en_GB\" \/>\n<meta property=\"og:type\" content=\"article\" \/>\n<meta property=\"og:title\" content=\"Brauche ich spezielle Kleidung f\u00fcr Zumba? | Zumba by Anya\" \/>\n<meta property=\"og:description\" content=\"Erfahre, welche Kleidung und Zumba Wear du f\u00fcrs Training brauchst. Komfortabel, atmungsaktiv &amp; stylish tanzen \u2013 Tipps f\u00fcr Anf\u00e4nger &amp; Profis.\" \/>\n<meta property=\"og:url\" content=\"https:\/\/zumba-anya.de\/eng\/zumba-wear\/\" \/>\n<meta property=\"og:site_name\" content=\"Zumba by Anya\" \/>\n<meta property=\"article:modified_time\" content=\"2026-02-28T12:19:55+00:00\" \/>\n<meta property=\"og:image\" content=\"https:\/\/zumba-anya.de\/wp-content\/uploads\/2021\/11\/IMG_6752-768x872.png\" \/>\n<meta name=\"twitter:card\" content=\"summary_large_image\" \/>\n<meta name=\"twitter:label1\" content=\"Estimated reading time\" \/>\n\t<meta name=\"twitter:data1\" content=\"3 minutes\" \/>\n<script type=\"application\/ld+json\" class=\"yoast-schema-graph\">{\"@context\":\"https:\\\/\\\/schema.org\",\"@graph\":[{\"@type\":\"WebPage\",\"@id\":\"https:\\\/\\\/zumba-anya.de\\\/zumba-wear\\\/\",\"url\":\"https:\\\/\\\/zumba-anya.de\\\/zumba-wear\\\/\",\"name\":\"Brauche ich spezielle Kleidung f\u00fcr Zumba? | Zumba by Anya\",\"isPartOf\":{\"@id\":\"https:\\\/\\\/zumba-anya.de\\\/#website\"},\"primaryImageOfPage\":{\"@id\":\"https:\\\/\\\/zumba-anya.de\\\/zumba-wear\\\/#primaryimage\"},\"image\":{\"@id\":\"https:\\\/\\\/zumba-anya.de\\\/zumba-wear\\\/#primaryimage\"},\"thumbnailUrl\":\"https:\\\/\\\/zumba-anya.de\\\/wp-content\\\/uploads\\\/2021\\\/11\\\/IMG_6752-768x872.png\",\"datePublished\":\"2026-02-19T12:45:25+00:00\",\"dateModified\":\"2026-02-28T12:19:55+00:00\",\"description\":\"Erfahre, welche Kleidung und Zumba Wear du f\u00fcrs Training brauchst. Komfortabel, atmungsaktiv & stylish tanzen \u2013 Tipps f\u00fcr Anf\u00e4nger & Profis.\",\"breadcrumb\":{\"@id\":\"https:\\\/\\\/zumba-anya.de\\\/zumba-wear\\\/#breadcrumb\"},\"inLanguage\":\"en-GB\",\"potentialAction\":[{\"@type\":\"ReadAction\",\"target\":[\"https:\\\/\\\/zumba-anya.de\\\/zumba-wear\\\/\"]}]},{\"@type\":\"ImageObject\",\"inLanguage\":\"en-GB\",\"@id\":\"https:\\\/\\\/zumba-anya.de\\\/zumba-wear\\\/#primaryimage\",\"url\":\"https:\\\/\\\/zumba-anya.de\\\/wp-content\\\/uploads\\\/2021\\\/11\\\/IMG_6752-768x872.png\",\"contentUrl\":\"https:\\\/\\\/zumba-anya.de\\\/wp-content\\\/uploads\\\/2021\\\/11\\\/IMG_6752-768x872.png\"},{\"@type\":\"BreadcrumbList\",\"@id\":\"https:\\\/\\\/zumba-anya.de\\\/zumba-wear\\\/#breadcrumb\",\"itemListElement\":[{\"@type\":\"ListItem\",\"position\":1,\"name\":\"Startseite\",\"item\":\"https:\\\/\\\/zumba-anya.de\\\/\"},{\"@type\":\"ListItem\",\"position\":2,\"name\":\"Brauche ich spezielle Kleidung f\u00fcr Zumba?\"}]},{\"@type\":\"WebSite\",\"@id\":\"https:\\\/\\\/zumba-anya.de\\\/#website\",\"url\":\"https:\\\/\\\/zumba-anya.de\\\/\",\"name\":\"Zumba by Anya\",\"description\":\"Jeder ist willkommen - AUCH DU!\",\"publisher\":{\"@id\":\"https:\\\/\\\/zumba-anya.de\\\/#organization\"},\"potentialAction\":[{\"@type\":\"SearchAction\",\"target\":{\"@type\":\"EntryPoint\",\"urlTemplate\":\"https:\\\/\\\/zumba-anya.de\\\/?s={search_term_string}\"},\"query-input\":{\"@type\":\"PropertyValueSpecification\",\"valueRequired\":true,\"valueName\":\"search_term_string\"}}],\"inLanguage\":\"en-GB\"},{\"@type\":\"Organization\",\"@id\":\"https:\\\/\\\/zumba-anya.de\\\/#organization\",\"name\":\"Zumba by Anya\",\"url\":\"https:\\\/\\\/zumba-anya.de\\\/\",\"logo\":{\"@type\":\"ImageObject\",\"inLanguage\":\"en-GB\",\"@id\":\"https:\\\/\\\/zumba-anya.de\\\/#\\\/schema\\\/logo\\\/image\\\/\",\"url\":\"https:\\\/\\\/zumba-anya.de\\\/wp-content\\\/uploads\\\/2021\\\/05\\\/anya-1.png\",\"contentUrl\":\"https:\\\/\\\/zumba-anya.de\\\/wp-content\\\/uploads\\\/2021\\\/05\\\/anya-1.png\",\"width\":878,\"height\":785,\"caption\":\"Zumba by Anya\"},\"image\":{\"@id\":\"https:\\\/\\\/zumba-anya.de\\\/#\\\/schema\\\/logo\\\/image\\\/\"}}]}<\/script>\n<!-- \/ Yoast SEO plugin. -->","yoast_head_json":{"title":"Brauche ich spezielle Kleidung f\u00fcr Zumba? | Zumba by Anya","description":"Erfahre, welche Kleidung und Zumba Wear du f\u00fcrs Training brauchst. Komfortabel, atmungsaktiv & stylish tanzen \u2013 Tipps f\u00fcr Anf\u00e4nger & Profis.","robots":{"index":"index","follow":"follow","max-snippet":"max-snippet:-1","max-image-preview":"max-image-preview:large","max-video-preview":"max-video-preview:-1"},"canonical":"https:\/\/zumba-anya.de\/eng\/zumba-wear\/","og_locale":"en_GB","og_type":"article","og_title":"Brauche ich spezielle Kleidung f\u00fcr Zumba? | Zumba by Anya","og_description":"Erfahre, welche Kleidung und Zumba Wear du f\u00fcrs Training brauchst. Komfortabel, atmungsaktiv & stylish tanzen \u2013 Tipps f\u00fcr Anf\u00e4nger & Profis.","og_url":"https:\/\/zumba-anya.de\/eng\/zumba-wear\/","og_site_name":"Zumba by Anya","article_modified_time":"2026-02-28T12:19:55+00:00","og_image":[{"url":"https:\/\/zumba-anya.de\/wp-content\/uploads\/2021\/11\/IMG_6752-768x872.png","type":"","width":"","height":""}],"twitter_card":"summary_large_image","twitter_misc":{"Estimated reading time":"3 minutes"},"schema":{"@context":"https:\/\/schema.org","@graph":[{"@type":"WebPage","@id":"https:\/\/zumba-anya.de\/zumba-wear\/","url":"https:\/\/zumba-anya.de\/zumba-wear\/","name":"Brauche ich spezielle Kleidung f\u00fcr Zumba? | Zumba by Anya","isPartOf":{"@id":"https:\/\/zumba-anya.de\/#website"},"primaryImageOfPage":{"@id":"https:\/\/zumba-anya.de\/zumba-wear\/#primaryimage"},"image":{"@id":"https:\/\/zumba-anya.de\/zumba-wear\/#primaryimage"},"thumbnailUrl":"https:\/\/zumba-anya.de\/wp-content\/uploads\/2021\/11\/IMG_6752-768x872.png","datePublished":"2026-02-19T12:45:25+00:00","dateModified":"2026-02-28T12:19:55+00:00","description":"Erfahre, welche Kleidung und Zumba Wear du f\u00fcrs Training brauchst. Komfortabel, atmungsaktiv & stylish tanzen \u2013 Tipps f\u00fcr Anf\u00e4nger & Profis.","breadcrumb":{"@id":"https:\/\/zumba-anya.de\/zumba-wear\/#breadcrumb"},"inLanguage":"en-GB","potentialAction":[{"@type":"ReadAction","target":["https:\/\/zumba-anya.de\/zumba-wear\/"]}]},{"@type":"ImageObject","inLanguage":"en-GB","@id":"https:\/\/zumba-anya.de\/zumba-wear\/#primaryimage","url":"https:\/\/zumba-anya.de\/wp-content\/uploads\/2021\/11\/IMG_6752-768x872.png","contentUrl":"https:\/\/zumba-anya.de\/wp-content\/uploads\/2021\/11\/IMG_6752-768x872.png"},{"@type":"BreadcrumbList","@id":"https:\/\/zumba-anya.de\/zumba-wear\/#breadcrumb","itemListElement":[{"@type":"ListItem","position":1,"name":"Startseite","item":"https:\/\/zumba-anya.de\/"},{"@type":"ListItem","position":2,"name":"Brauche ich spezielle Kleidung f\u00fcr Zumba?"}]},{"@type":"WebSite","@id":"https:\/\/zumba-anya.de\/#website","url":"https:\/\/zumba-anya.de\/","name":"Zumba by Anya","description":"Jeder ist willkommen - AUCH DU!","publisher":{"@id":"https:\/\/zumba-anya.de\/#organization"},"potentialAction":[{"@type":"SearchAction","target":{"@type":"EntryPoint","urlTemplate":"https:\/\/zumba-anya.de\/?s={search_term_string}"},"query-input":{"@type":"PropertyValueSpecification","valueRequired":true,"valueName":"search_term_string"}}],"inLanguage":"en-GB"},{"@type":"Organization","@id":"https:\/\/zumba-anya.de\/#organization","name":"Zumba by Anya","url":"https:\/\/zumba-anya.de\/","logo":{"@type":"ImageObject","inLanguage":"en-GB","@id":"https:\/\/zumba-anya.de\/#\/schema\/logo\/image\/","url":"https:\/\/zumba-anya.de\/wp-content\/uploads\/2021\/05\/anya-1.png","contentUrl":"https:\/\/zumba-anya.de\/wp-content\/uploads\/2021\/05\/anya-1.png","width":878,"height":785,"caption":"Zumba by Anya"},"image":{"@id":"https:\/\/zumba-anya.de\/#\/schema\/logo\/image\/"}}]}},"_links":{"self":[{"href":"https:\/\/zumba-anya.de\/eng\/wp-json\/wp\/v2\/pages\/13902","targetHints":{"allow":["GET"]}}],"collection":[{"href":"https:\/\/zumba-anya.de\/eng\/wp-json\/wp\/v2\/pages"}],"about":[{"href":"https:\/\/zumba-anya.de\/eng\/wp-json\/wp\/v2\/types\/page"}],"author":[{"embeddable":true,"href":"https:\/\/zumba-anya.de\/eng\/wp-json\/wp\/v2\/users\/2"}],"replies":[{"embeddable":true,"href":"https:\/\/zumba-anya.de\/eng\/wp-json\/wp\/v2\/comments?post=13902"}],"version-history":[{"count":8,"href":"https:\/\/zumba-anya.de\/eng\/wp-json\/wp\/v2\/pages\/13902\/revisions"}],"predecessor-version":[{"id":13957,"href":"https:\/\/zumba-anya.de\/eng\/wp-json\/wp\/v2\/pages\/13902\/revisions\/13957"}],"wp:attachment":[{"href":"https:\/\/zumba-anya.de\/eng\/wp-json\/wp\/v2\/media?parent=13902"}],"curies":[{"name":"wp","href":"https:\/\/api.w.org\/{rel}","templated":true}]}}